{"id":116,"date":"2020-01-27T15:35:36","date_gmt":"2020-01-27T15:35:36","guid":{"rendered":"https:\/\/dimesis.dk\/?page_id=116"},"modified":"2024-04-26T22:36:00","modified_gmt":"2024-04-26T20:36:00","slug":"radio","status":"publish","type":"page","link":"https:\/\/dimesis.dk\/index.php\/radio\/","title":{"rendered":"Radio"},"content":{"rendered":"\n<h2 class=\"wp-block-heading\">Mangler du en afl\u00f8serv\u00e6rt eller en fast programleverand\u00f8r?<\/h2>\n\n\n\n<p>Dimesis kan hj\u00e6lpe jeres radiostation med at fylde hullerne i vagtplanen med en erfaren freelance studiev\u00e6rt og dermed sikre dine lyttere godt og vedkommende indhold i radioen. Vi r\u00e5der over eget studie med professionelt udstyr og kan levere radioudsendelser direkte p\u00e5 jeres afviklingsplatform, hvis I \u00f8nsker det. Vi har erfaringer med Zetta og Dalet, men g\u00e5r ikke af vejen for at l\u00e6re nyt.<\/p>\n\n\n\n<h2 class=\"wp-block-heading\">En god studiev\u00e6rt f\u00e5r lytterne til at blive h\u00e6ngende<\/h2>\n\n\n\n<p>Dine lyttere fortjener en studiev\u00e6rt, der kan give dem en god og n\u00e6rv\u00e6rende oplevelse i radioen. En v\u00e6rt med en behagelig stemme, der kan sit musikstof og forst\u00e5r den verden, vi lever i. Med andre ord, \u00e9n de gider at h\u00f8re p\u00e5.<\/p>\n\n\n\n<p>Hos Dimesis tilbyder vi <a href=\"https:\/\/dimesis.dk\/index.php\/dj-mikkel-steen-oestervig\/\">Mikkel Steen \u00d8stervig<\/a> som din ekstra mand p\u00e5 radioholdet. Mikkel har mange \u00e5rs v\u00e6rtserfaring med alt inden for flowradio p\u00e5 <a href=\"http:\/\/anr.dk\/\" target=\"_blank\" rel=\"noreferrer noopener\">ANR<\/a>-stationerne gennem tiden og senest p\u00e5 <a href=\"https:\/\/nordjyske.dk\/radio\/\" target=\"_blank\" rel=\"noreferrer noopener\">Radio NORDJYSKE<\/a>, som Dimesis har leveret udsendelser til p\u00e5 ugentlig basis.<\/p>\n\n\n\n<figure class=\"wp-block-image size-large\"><img loading=\"lazy\" decoding=\"async\" width=\"1024\" height=\"768\" src=\"https:\/\/dimesis.dk\/wp-content\/uploads\/2020\/01\/20191128_181929084_iOS-1024x768.jpg\" alt=\"Radiov\u00e6rt Mikkel Steen \u00d8stervig i studiet p\u00e5 Radio NORDJYSKE.\" class=\"wp-image-117\" srcset=\"https:\/\/dimesis.dk\/wp-content\/uploads\/2020\/01\/20191128_181929084_iOS-1024x768.jpg 1024w, https:\/\/dimesis.dk\/wp-content\/uploads\/2020\/01\/20191128_181929084_iOS-300x225.jpg 300w, https:\/\/dimesis.dk\/wp-content\/uploads\/2020\/01\/20191128_181929084_iOS-768x576.jpg 768w, https:\/\/dimesis.dk\/wp-content\/uploads\/2020\/01\/20191128_181929084_iOS-rotated.jpg 1280w\" sizes=\"auto, (max-width: 767px) 89vw, (max-width: 1000px) 54vw, (max-width: 1071px) 543px, 580px\" \/><\/figure>\n\n\n\n<h2 class=\"wp-block-heading\">Aircheck<\/h2>\n\n\n\n<p>H\u00f8r eksempler p\u00e5 hvordan det lyder, n\u00e5r Mikkel Steen \u00d8stervig er radiov\u00e6rt p\u00e5 Radio NORDJYSKE.<\/p>\n\n\n\n<figure class=\"wp-block-embed is-type-rich is-provider-soundcloud wp-block-embed-soundcloud\"><div class=\"wp-block-embed__wrapper\">\n<iframe loading=\"lazy\" title=\"Aircheck Radio NORDJYSKE 090122 - Mikkel Steen \u00d8stervig by Dimesis Speak\" width=\"525\" height=\"400\" scrolling=\"no\" frameborder=\"no\" src=\"https:\/\/w.soundcloud.com\/player\/?visual=true&#038;url=https%3A%2F%2Fapi.soundcloud.com%2Ftracks%2F1240353532&#038;show_artwork=true&#038;maxheight=788&#038;maxwidth=525\"><\/iframe>\n<\/div><\/figure>\n\n\n<div class=\"caldera-grid\" id=\"caldera_form_1\" data-cf-ver=\"1.9.6\" data-cf-form-id=\"CF5e2efe21a29d1\"><div id=\"caldera_notices_1\" data-spinner=\"https:\/\/dimesis.dk\/wp-admin\/images\/spinner.gif\"><\/div><form data-instance=\"1\" class=\"CF5e2efe21a29d1 caldera_forms_form cfajax-trigger\" method=\"POST\" enctype=\"multipart\/form-data\" id=\"CF5e2efe21a29d1_1\" data-form-id=\"CF5e2efe21a29d1\" aria-label=\"Radio\" data-target=\"#caldera_notices_1\" data-template=\"#cfajax_CF5e2efe21a29d1-tmpl\" data-cfajax=\"CF5e2efe21a29d1\" data-load-element=\"_parent\" data-load-class=\"cf_processing\" data-post-disable=\"0\" data-action=\"cf_process_ajax_submit\" data-request=\"https:\/\/dimesis.dk\/cf-api\/CF5e2efe21a29d1\" data-hiderows=\"true\">\r\n<input type=\"hidden\" id=\"_cf_verify_CF5e2efe21a29d1\" name=\"_cf_verify\" value=\"c0a3f8b98d\"  data-nonce-time=\"1778504486\" \/><input type=\"hidden\" name=\"_wp_http_referer\" value=\"\/index.php\/wp-json\/wp\/v2\/pages\/116\" \/><div id=\"cf2-CF5e2efe21a29d1_1\"><\/div><input type=\"hidden\" name=\"_cf_frm_id\" value=\"CF5e2efe21a29d1\">\r\n<input type=\"hidden\" name=\"_cf_frm_ct\" value=\"1\">\r\n<input type=\"hidden\" name=\"cfajax\" value=\"CF5e2efe21a29d1\">\r\n<input type=\"hidden\" name=\"_cf_cr_pst\" value=\"116\">\r\n<div class=\"hide\" style=\"display:none; overflow:hidden;height:0;width:0;\">\r\n<label>Order Number<\/label><input type=\"text\" name=\"order_number\" value=\"\" autocomplete=\"off\">\r\n<\/div><div id=\"CF5e2efe21a29d1_1-row-1\"  class=\"row  first_row\"><div  class=\"col-sm-12  single\"><div class=\"\"><h2>F\u00e5 et tilbud p\u00e5 radio<\/h2>\n<p>Vil du have et uforpligtende tilbud p\u00e5 leverancer af radioudsendelser? Udfyld denne formular, s\u00e5 kontakter vi dig hurtigst muligt.<\/p>\n<hr>\n<\/div><\/div><\/div><div id=\"CF5e2efe21a29d1_1-row-2\"  class=\"row \"><div  class=\"col-sm-4  first_col\"><div data-field-wrapper=\"fld_8768091\" class=\"form-group\" id=\"fld_8768091_1-wrap\">\r\n\t<label id=\"fld_8768091Label\" for=\"fld_8768091_1\" class=\"control-label\">Navn <span aria-hidden=\"true\" role=\"presentation\" class=\"field_required\" style=\"color:#ee0000;\">*<\/span><\/label>\r\n\t<div class=\"\">\r\n\t\t<input   required type=\"text\" data-field=\"fld_8768091\" class=\" form-control\" id=\"fld_8768091_1\" name=\"fld_8768091\" value=\"\" data-type=\"text\" aria-required=\"true\"   aria-labelledby=\"fld_8768091Label\" >\t\t\t<\/div>\r\n<\/div>\r\n<\/div><div  class=\"col-sm-4 \"><div data-field-wrapper=\"fld_9970286\" class=\"form-group\" id=\"fld_9970286_1-wrap\">\r\n\t<label id=\"fld_9970286Label\" for=\"fld_9970286_1\" class=\"control-label\">Radiostation <span aria-hidden=\"true\" role=\"presentation\" class=\"field_required\" style=\"color:#ee0000;\">*<\/span><\/label>\r\n\t<div class=\"\">\r\n\t\t<input   required type=\"text\" data-field=\"fld_9970286\" class=\" form-control\" id=\"fld_9970286_1\" name=\"fld_9970286\" value=\"\" data-type=\"text\" aria-required=\"true\"   aria-labelledby=\"fld_9970286Label\" >\t\t\t<\/div>\r\n<\/div>\r\n<\/div><div  class=\"col-sm-4  last_col\"><div data-field-wrapper=\"fld_6009157\" class=\"form-group\" id=\"fld_6009157_1-wrap\">\r\n\t<label id=\"fld_6009157Label\" for=\"fld_6009157_1\" class=\"control-label\">Email-adresse <span aria-hidden=\"true\" role=\"presentation\" class=\"field_required\" style=\"color:#ee0000;\">*<\/span><\/label>\r\n\t<div class=\"\">\r\n\t\t<input   required type=\"email\" data-field=\"fld_6009157\" class=\" form-control\" id=\"fld_6009157_1\" name=\"fld_6009157\" value=\"\" data-type=\"email\" aria-required=\"true\"   aria-labelledby=\"fld_6009157Label\" >\t\t\t<\/div>\r\n<\/div>\r\n<div data-field-wrapper=\"fld_6159702\" class=\"form-group\" id=\"fld_6159702_1-wrap\">\r\n\t<label id=\"fld_6159702Label\" for=\"fld_6159702_1\" class=\"control-label\">Telefonnummer <span aria-hidden=\"true\" role=\"presentation\" class=\"field_required\" style=\"color:#ee0000;\">*<\/span><\/label>\r\n\t<div class=\"\">\r\n\t\t<input  data-inputmask=\"'mask': '99 99 99 99'\"  required type=\"phone\" data-field=\"fld_6159702\" class=\" form-control\" id=\"fld_6159702_1\" name=\"fld_6159702\" value=\"\" data-type=\"phone\" aria-required=\"true\"   aria-labelledby=\"fld_6159702Label\" >\t\t\t<\/div>\r\n<\/div>\r\n<\/div><\/div><div id=\"CF5e2efe21a29d1_1-row-3\"  class=\"row \"><div  class=\"col-sm-12  single\"><div data-field-wrapper=\"fld_7683514\" class=\"form-group\" id=\"fld_7683514_1-wrap\">\r\n\t<label id=\"fld_7683514Label\" for=\"fld_7683514_1\" class=\"control-label\">Opgave\/udsendelse <span aria-hidden=\"true\" role=\"presentation\" class=\"field_required\" style=\"color:#ee0000;\">*<\/span><\/label>\r\n\t<div class=\"\">\r\n\t\t<textarea name=\"fld_7683514\" value=\"\" data-field=\"fld_7683514\" class=\"form-control\" id=\"fld_7683514_1\" rows=\"7\"  required=\"required\"  aria-labelledby=\"fld_7683514Label\" ><\/textarea>\n\t\t\t<\/div>\r\n<\/div>\r\n<\/div><\/div><div id=\"CF5e2efe21a29d1_1-row-4\"  class=\"row  last_row\"><div  class=\"col-sm-12  single\"><div data-field-wrapper=\"fld_7908577\" class=\"form-group\" id=\"fld_7908577_1-wrap\">\r\n<div class=\"\">\r\n\t<input  class=\"btn btn-default\" type=\"submit\" name=\"fld_7908577\" id=\"fld_7908577_1\" value=\"Send besked\" data-field=\"fld_7908577\"  >\n<\/div>\r\n<\/div>\r\n\t<input class=\"button_trigger_1\" type=\"hidden\" name=\"fld_7908577\" id=\"fld_7908577_1_btn\" value=\"\" data-field=\"fld_7908577\"  \/>\n<\/div><\/div><\/form>\r\n<\/div>\r\n","protected":false},"excerpt":{"rendered":"<p>Mangler du en afl\u00f8serv\u00e6rt eller en fast programleverand\u00f8r? Dimesis kan hj\u00e6lpe jeres radiostation med at fylde hullerne i vagtplanen med en erfaren freelance studiev\u00e6rt og dermed sikre dine lyttere godt og vedkommende indhold i radioen. Vi r\u00e5der over eget studie med professionelt udstyr og kan levere radioudsendelser direkte p\u00e5 jeres afviklingsplatform, hvis I \u00f8nsker det. &hellip; <\/p>\n<p class=\"link-more\"><a href=\"https:\/\/dimesis.dk\/index.php\/radio\/\" class=\"more-link\">L\u00e6s videre<span class=\"screen-reader-text\"> &#8220;Radio&#8221;<\/span><\/a><\/p>\n","protected":false},"author":1,"featured_media":0,"parent":0,"menu_order":0,"comment_status":"closed","ping_status":"closed","template":"","meta":{"footnotes":""},"class_list":["post-116","page","type-page","status-publish","hentry"],"yoast_head":"<!-- This site is optimized with the Yoast SEO plugin v26.6 - https:\/\/yoast.com\/wordpress\/plugins\/seo\/ -->\n<title>Radio - Freelance studiev\u00e6rt<\/title>\n<meta name=\"description\" content=\"F\u00e5 en ekstra stemme i din radio! Mikkel Steen \u00d8stervig er en erfaren freelance studiev\u00e6rt, der kan hj\u00e6lpe dig og din radio med godt indhold.\" \/>\n<meta name=\"robots\" content=\"index, follow, max-snippet:-1, max-image-preview:large, max-video-preview:-1\" \/>\n<link rel=\"canonical\" href=\"https:\/\/dimesis.dk\/index.php\/radio\/\" \/>\n<meta property=\"og:locale\" content=\"da_DK\" \/>\n<meta property=\"og:type\" content=\"article\" \/>\n<meta property=\"og:title\" content=\"Radio - Freelance studiev\u00e6rt\" \/>\n<meta property=\"og:description\" content=\"F\u00e5 en ekstra stemme i din radio! Mikkel Steen \u00d8stervig er en erfaren freelance studiev\u00e6rt, der kan hj\u00e6lpe dig og din radio med godt indhold.\" \/>\n<meta property=\"og:url\" content=\"https:\/\/dimesis.dk\/index.php\/radio\/\" \/>\n<meta property=\"og:site_name\" content=\"Dimesis\" \/>\n<meta property=\"article:modified_time\" content=\"2024-04-26T20:36:00+00:00\" \/>\n<meta property=\"og:image\" content=\"https:\/\/dimesis.dk\/wp-content\/uploads\/2020\/01\/20191128_181929084_iOS-1024x768.jpg\" \/>\n<meta name=\"twitter:card\" content=\"summary_large_image\" \/>\n<meta name=\"twitter:label1\" content=\"Estimeret l\u00e6setid\" \/>\n\t<meta name=\"twitter:data1\" content=\"2 minutter\" \/>\n<script type=\"application\/ld+json\" class=\"yoast-schema-graph\">{\"@context\":\"https:\/\/schema.org\",\"@graph\":[{\"@type\":\"WebPage\",\"@id\":\"https:\/\/dimesis.dk\/index.php\/radio\/\",\"url\":\"https:\/\/dimesis.dk\/index.php\/radio\/\",\"name\":\"Radio - Freelance studiev\u00e6rt\",\"isPartOf\":{\"@id\":\"https:\/\/dimesis.dk\/#website\"},\"primaryImageOfPage\":{\"@id\":\"https:\/\/dimesis.dk\/index.php\/radio\/#primaryimage\"},\"image\":{\"@id\":\"https:\/\/dimesis.dk\/index.php\/radio\/#primaryimage\"},\"thumbnailUrl\":\"https:\/\/dimesis.dk\/wp-content\/uploads\/2020\/01\/20191128_181929084_iOS-1024x768.jpg\",\"datePublished\":\"2020-01-27T15:35:36+00:00\",\"dateModified\":\"2024-04-26T20:36:00+00:00\",\"description\":\"F\u00e5 en ekstra stemme i din radio! Mikkel Steen \u00d8stervig er en erfaren freelance studiev\u00e6rt, der kan hj\u00e6lpe dig og din radio med godt indhold.\",\"breadcrumb\":{\"@id\":\"https:\/\/dimesis.dk\/index.php\/radio\/#breadcrumb\"},\"inLanguage\":\"da-DK\",\"potentialAction\":[{\"@type\":\"ReadAction\",\"target\":[\"https:\/\/dimesis.dk\/index.php\/radio\/\"]}]},{\"@type\":\"ImageObject\",\"inLanguage\":\"da-DK\",\"@id\":\"https:\/\/dimesis.dk\/index.php\/radio\/#primaryimage\",\"url\":\"https:\/\/dimesis.dk\/wp-content\/uploads\/2020\/01\/20191128_181929084_iOS-1024x768.jpg\",\"contentUrl\":\"https:\/\/dimesis.dk\/wp-content\/uploads\/2020\/01\/20191128_181929084_iOS-1024x768.jpg\"},{\"@type\":\"BreadcrumbList\",\"@id\":\"https:\/\/dimesis.dk\/index.php\/radio\/#breadcrumb\",\"itemListElement\":[{\"@type\":\"ListItem\",\"position\":1,\"name\":\"Hjem\",\"item\":\"https:\/\/dimesis.dk\/\"},{\"@type\":\"ListItem\",\"position\":2,\"name\":\"Radio\"}]},{\"@type\":\"WebSite\",\"@id\":\"https:\/\/dimesis.dk\/#website\",\"url\":\"https:\/\/dimesis.dk\/\",\"name\":\"Dimesis\",\"description\":\"Mobildiskotek | Radio | Speak\",\"publisher\":{\"@id\":\"https:\/\/dimesis.dk\/#organization\"},\"potentialAction\":[{\"@type\":\"SearchAction\",\"target\":{\"@type\":\"EntryPoint\",\"urlTemplate\":\"https:\/\/dimesis.dk\/?s={search_term_string}\"},\"query-input\":{\"@type\":\"PropertyValueSpecification\",\"valueRequired\":true,\"valueName\":\"search_term_string\"}}],\"inLanguage\":\"da-DK\"},{\"@type\":\"Organization\",\"@id\":\"https:\/\/dimesis.dk\/#organization\",\"name\":\"Dimesis\",\"url\":\"https:\/\/dimesis.dk\/\",\"logo\":{\"@type\":\"ImageObject\",\"inLanguage\":\"da-DK\",\"@id\":\"https:\/\/dimesis.dk\/#\/schema\/logo\/image\/\",\"url\":\"https:\/\/dimesis.dk\/wp-content\/uploads\/2020\/01\/DimesisLogo512x512px.png\",\"contentUrl\":\"https:\/\/dimesis.dk\/wp-content\/uploads\/2020\/01\/DimesisLogo512x512px.png\",\"width\":512,\"height\":512,\"caption\":\"Dimesis\"},\"image\":{\"@id\":\"https:\/\/dimesis.dk\/#\/schema\/logo\/image\/\"}}]}<\/script>\n<!-- \/ Yoast SEO plugin. -->","yoast_head_json":{"title":"Radio - Freelance studiev\u00e6rt","description":"F\u00e5 en ekstra stemme i din radio! Mikkel Steen \u00d8stervig er en erfaren freelance studiev\u00e6rt, der kan hj\u00e6lpe dig og din radio med godt indhold.","robots":{"index":"index","follow":"follow","max-snippet":"max-snippet:-1","max-image-preview":"max-image-preview:large","max-video-preview":"max-video-preview:-1"},"canonical":"https:\/\/dimesis.dk\/index.php\/radio\/","og_locale":"da_DK","og_type":"article","og_title":"Radio - Freelance studiev\u00e6rt","og_description":"F\u00e5 en ekstra stemme i din radio! Mikkel Steen \u00d8stervig er en erfaren freelance studiev\u00e6rt, der kan hj\u00e6lpe dig og din radio med godt indhold.","og_url":"https:\/\/dimesis.dk\/index.php\/radio\/","og_site_name":"Dimesis","article_modified_time":"2024-04-26T20:36:00+00:00","og_image":[{"url":"https:\/\/dimesis.dk\/wp-content\/uploads\/2020\/01\/20191128_181929084_iOS-1024x768.jpg","type":"","width":"","height":""}],"twitter_card":"summary_large_image","twitter_misc":{"Estimeret l\u00e6setid":"2 minutter"},"schema":{"@context":"https:\/\/schema.org","@graph":[{"@type":"WebPage","@id":"https:\/\/dimesis.dk\/index.php\/radio\/","url":"https:\/\/dimesis.dk\/index.php\/radio\/","name":"Radio - Freelance studiev\u00e6rt","isPartOf":{"@id":"https:\/\/dimesis.dk\/#website"},"primaryImageOfPage":{"@id":"https:\/\/dimesis.dk\/index.php\/radio\/#primaryimage"},"image":{"@id":"https:\/\/dimesis.dk\/index.php\/radio\/#primaryimage"},"thumbnailUrl":"https:\/\/dimesis.dk\/wp-content\/uploads\/2020\/01\/20191128_181929084_iOS-1024x768.jpg","datePublished":"2020-01-27T15:35:36+00:00","dateModified":"2024-04-26T20:36:00+00:00","description":"F\u00e5 en ekstra stemme i din radio! Mikkel Steen \u00d8stervig er en erfaren freelance studiev\u00e6rt, der kan hj\u00e6lpe dig og din radio med godt indhold.","breadcrumb":{"@id":"https:\/\/dimesis.dk\/index.php\/radio\/#breadcrumb"},"inLanguage":"da-DK","potentialAction":[{"@type":"ReadAction","target":["https:\/\/dimesis.dk\/index.php\/radio\/"]}]},{"@type":"ImageObject","inLanguage":"da-DK","@id":"https:\/\/dimesis.dk\/index.php\/radio\/#primaryimage","url":"https:\/\/dimesis.dk\/wp-content\/uploads\/2020\/01\/20191128_181929084_iOS-1024x768.jpg","contentUrl":"https:\/\/dimesis.dk\/wp-content\/uploads\/2020\/01\/20191128_181929084_iOS-1024x768.jpg"},{"@type":"BreadcrumbList","@id":"https:\/\/dimesis.dk\/index.php\/radio\/#breadcrumb","itemListElement":[{"@type":"ListItem","position":1,"name":"Hjem","item":"https:\/\/dimesis.dk\/"},{"@type":"ListItem","position":2,"name":"Radio"}]},{"@type":"WebSite","@id":"https:\/\/dimesis.dk\/#website","url":"https:\/\/dimesis.dk\/","name":"Dimesis","description":"Mobildiskotek | Radio | Speak","publisher":{"@id":"https:\/\/dimesis.dk\/#organization"},"potentialAction":[{"@type":"SearchAction","target":{"@type":"EntryPoint","urlTemplate":"https:\/\/dimesis.dk\/?s={search_term_string}"},"query-input":{"@type":"PropertyValueSpecification","valueRequired":true,"valueName":"search_term_string"}}],"inLanguage":"da-DK"},{"@type":"Organization","@id":"https:\/\/dimesis.dk\/#organization","name":"Dimesis","url":"https:\/\/dimesis.dk\/","logo":{"@type":"ImageObject","inLanguage":"da-DK","@id":"https:\/\/dimesis.dk\/#\/schema\/logo\/image\/","url":"https:\/\/dimesis.dk\/wp-content\/uploads\/2020\/01\/DimesisLogo512x512px.png","contentUrl":"https:\/\/dimesis.dk\/wp-content\/uploads\/2020\/01\/DimesisLogo512x512px.png","width":512,"height":512,"caption":"Dimesis"},"image":{"@id":"https:\/\/dimesis.dk\/#\/schema\/logo\/image\/"}}]}},"_links":{"self":[{"href":"https:\/\/dimesis.dk\/index.php\/wp-json\/wp\/v2\/pages\/116","targetHints":{"allow":["GET"]}}],"collection":[{"href":"https:\/\/dimesis.dk\/index.php\/wp-json\/wp\/v2\/pages"}],"about":[{"href":"https:\/\/dimesis.dk\/index.php\/wp-json\/wp\/v2\/types\/page"}],"author":[{"embeddable":true,"href":"https:\/\/dimesis.dk\/index.php\/wp-json\/wp\/v2\/users\/1"}],"replies":[{"embeddable":true,"href":"https:\/\/dimesis.dk\/index.php\/wp-json\/wp\/v2\/comments?post=116"}],"version-history":[{"count":9,"href":"https:\/\/dimesis.dk\/index.php\/wp-json\/wp\/v2\/pages\/116\/revisions"}],"predecessor-version":[{"id":507,"href":"https:\/\/dimesis.dk\/index.php\/wp-json\/wp\/v2\/pages\/116\/revisions\/507"}],"wp:attachment":[{"href":"https:\/\/dimesis.dk\/index.php\/wp-json\/wp\/v2\/media?parent=116"}],"curies":[{"name":"wp","href":"https:\/\/api.w.org\/{rel}","templated":true}]}}