{"id":151,"date":"2020-02-12T11:11:59","date_gmt":"2020-02-12T11:11:59","guid":{"rendered":"https:\/\/dimesis.dk\/?page_id=151"},"modified":"2024-01-20T16:51:44","modified_gmt":"2024-01-20T15:51:44","slug":"diskotek-dimesis-paa-facebook","status":"publish","type":"page","link":"https:\/\/dimesis.dk\/index.php\/diskotek-dimesis-paa-facebook\/","title":{"rendered":"Diskotek Dimesis p\u00e5 Facebook"},"content":{"rendered":"\n<p>Hvis du leder efter Diskotek Dimesis p\u00e5 Facebook og gerne vil holde dig opdateret med det seneste nye fra diskoteket, s\u00e5 f\u00f8lg os gerne p\u00e5 vores <a href=\"https:\/\/www.facebook.com\/diskotekdimesis\" target=\"_blank\" rel=\"noreferrer noopener\">officielle Facebookside<\/a>. <\/p>\n\n\n\n<p>Se fx billeder fra nogle af de opgaver, vi l\u00f8ser igennem \u00e5ret og bliv opdateret p\u00e5 nye muligheder. <\/p>\n\n\n\n<figure><iframe loading=\"lazy\" src=\"https:\/\/www.facebook.com\/plugins\/page.php?href=https%3A%2F%2Fwww.facebook.com%2Fdiskotekdimesis%2F&amp;tabs=timeline&amp;width=340&amp;height=600&amp;small_header=false&amp;adapt_container_width=true&amp;hide_cover=false&amp;show_facepile=true&amp;appId\" width=\"340\" height=\"600\" style=\"border:none;overflow:hidden\" scrolling=\"no\" frameborder=\"0\" allowtransparency=\"true\" allow=\"encrypted-media\"><\/iframe><\/figure>\n\n\n\n<h2 class=\"wp-block-heading\">Se opstillinger af mobildiskoteket<\/h2>\n\n\n\n<p>Hvis du vil se en r\u00e6kke eksempler p\u00e5, hvordan Diskotek Dimesis ser ud, n\u00e5r der skal spilles op til fest, s\u00e5 kig gerne forbi vores <a href=\"https:\/\/dimesis.dk\/index.php\/galleri-diskotek-dimesis\/\">Galleri<\/a>.<\/p>\n\n\n\n<figure class=\"wp-block-gallery has-nested-images columns-default is-cropped wp-block-gallery-1 is-layout-flex wp-block-gallery-is-layout-flex\">\n<figure class=\"wp-block-image size-large\"><img loading=\"lazy\" decoding=\"async\" width=\"1024\" height=\"768\" data-id=\"420\" src=\"https:\/\/dimesis.dk\/wp-content\/uploads\/2024\/01\/Ruths-Hotel-2023-1024x768.jpg\" alt=\"Opstilling af Diskotek Dimesis p\u00e5 Ruths Hotel i Skagen nyt\u00e5rsaften 2023.\" class=\"wp-image-420\" srcset=\"https:\/\/dimesis.dk\/wp-content\/uploads\/2024\/01\/Ruths-Hotel-2023-1024x768.jpg 1024w, https:\/\/dimesis.dk\/wp-content\/uploads\/2024\/01\/Ruths-Hotel-2023-300x225.jpg 300w, https:\/\/dimesis.dk\/wp-content\/uploads\/2024\/01\/Ruths-Hotel-2023-768x576.jpg 768w, https:\/\/dimesis.dk\/wp-content\/uploads\/2024\/01\/Ruths-Hotel-2023-1536x1152.jpg 1536w, https:\/\/dimesis.dk\/wp-content\/uploads\/2024\/01\/Ruths-Hotel-2023-2048x1536.jpg 2048w\" sizes=\"auto, (max-width: 767px) 89vw, (max-width: 1000px) 54vw, (max-width: 1071px) 543px, 580px\" \/><figcaption class=\"wp-element-caption\">Ruths Hotel, Skagen<\/figcaption><\/figure>\n\n\n\n<figure class=\"wp-block-image size-large\"><img loading=\"lazy\" decoding=\"async\" width=\"1024\" height=\"768\" data-id=\"404\" src=\"https:\/\/dimesis.dk\/wp-content\/uploads\/2023\/12\/Kilden-Hotel-Hvide-Hus-2023-1024x768.jpg\" alt=\"Diskotek Dimesis opstillet til firmafest i Kilden p\u00e5 Comwell Hotel Hvide Hus i Aalborg i november 2023.\" class=\"wp-image-404\" srcset=\"https:\/\/dimesis.dk\/wp-content\/uploads\/2023\/12\/Kilden-Hotel-Hvide-Hus-2023-1024x768.jpg 1024w, https:\/\/dimesis.dk\/wp-content\/uploads\/2023\/12\/Kilden-Hotel-Hvide-Hus-2023-300x225.jpg 300w, https:\/\/dimesis.dk\/wp-content\/uploads\/2023\/12\/Kilden-Hotel-Hvide-Hus-2023-768x576.jpg 768w, https:\/\/dimesis.dk\/wp-content\/uploads\/2023\/12\/Kilden-Hotel-Hvide-Hus-2023-1536x1152.jpg 1536w, https:\/\/dimesis.dk\/wp-content\/uploads\/2023\/12\/Kilden-Hotel-Hvide-Hus-2023-2048x1536.jpg 2048w\" sizes=\"auto, (max-width: 767px) 89vw, (max-width: 1000px) 54vw, (max-width: 1071px) 543px, 580px\" \/><figcaption class=\"wp-element-caption\">Comwell Hotel Hvide Hus<\/figcaption><\/figure>\n\n\n\n<figure class=\"wp-block-image size-large\"><img loading=\"lazy\" decoding=\"async\" width=\"1024\" height=\"768\" data-id=\"391\" src=\"https:\/\/dimesis.dk\/wp-content\/uploads\/2023\/09\/Hos-Martin-2023-1024x768.jpg\" alt=\"Diskret ops\u00e6tning af Diskotek Dimesis med klassisk spejlkugle i centrum p\u00e5 Hos Martin i Sindal.\" class=\"wp-image-391\" srcset=\"https:\/\/dimesis.dk\/wp-content\/uploads\/2023\/09\/Hos-Martin-2023-1024x768.jpg 1024w, https:\/\/dimesis.dk\/wp-content\/uploads\/2023\/09\/Hos-Martin-2023-300x225.jpg 300w, https:\/\/dimesis.dk\/wp-content\/uploads\/2023\/09\/Hos-Martin-2023-768x576.jpg 768w, https:\/\/dimesis.dk\/wp-content\/uploads\/2023\/09\/Hos-Martin-2023-1536x1152.jpg 1536w, https:\/\/dimesis.dk\/wp-content\/uploads\/2023\/09\/Hos-Martin-2023-2048x1536.jpg 2048w\" sizes=\"auto, (max-width: 767px) 89vw, (max-width: 1000px) 54vw, (max-width: 1071px) 543px, 580px\" \/><figcaption class=\"wp-element-caption\">Hos Martin, Sindal<\/figcaption><\/figure>\n<\/figure>\n","protected":false},"excerpt":{"rendered":"<p>Hvis du leder efter Diskotek Dimesis p\u00e5 Facebook og gerne vil holde dig opdateret med det seneste nye fra diskoteket, s\u00e5 f\u00f8lg os gerne p\u00e5 vores officielle Facebookside. Se fx billeder fra nogle af de opgaver, vi l\u00f8ser igennem \u00e5ret og bliv opdateret p\u00e5 nye muligheder. Se opstillinger af mobildiskoteket Hvis du vil se en &hellip; <\/p>\n<p class=\"link-more\"><a href=\"https:\/\/dimesis.dk\/index.php\/diskotek-dimesis-paa-facebook\/\" class=\"more-link\">L\u00e6s videre<span class=\"screen-reader-text\"> &#8220;Diskotek Dimesis p\u00e5 Facebook&#8221;<\/span><\/a><\/p>\n","protected":false},"author":1,"featured_media":0,"parent":0,"menu_order":0,"comment_status":"closed","ping_status":"closed","template":"","meta":{"footnotes":""},"class_list":["post-151","page","type-page","status-publish","hentry"],"yoast_head":"<!-- This site is optimized with the Yoast SEO plugin v26.6 - https:\/\/yoast.com\/wordpress\/plugins\/seo\/ -->\n<title>Diskotek Dimesis p\u00e5 Facebook - Dimesis<\/title>\n<meta name=\"description\" content=\"F\u00f8lg Diskotek Dimesis p\u00e5 Facebook og f\u00e5 de seneste nyheder om mobildiskoteket. Se bl.a. eksempler p\u00e5, hvordan vores lyd- og lysudstyr ser ud.\" \/>\n<meta name=\"robots\" content=\"index, follow, max-snippet:-1, max-image-preview:large, max-video-preview:-1\" \/>\n<link rel=\"canonical\" href=\"https:\/\/dimesis.dk\/index.php\/diskotek-dimesis-paa-facebook\/\" \/>\n<meta property=\"og:locale\" content=\"da_DK\" \/>\n<meta property=\"og:type\" content=\"article\" \/>\n<meta property=\"og:title\" content=\"Diskotek Dimesis p\u00e5 Facebook - Dimesis\" \/>\n<meta property=\"og:description\" content=\"F\u00f8lg Diskotek Dimesis p\u00e5 Facebook og f\u00e5 de seneste nyheder om mobildiskoteket. Se bl.a. eksempler p\u00e5, hvordan vores lyd- og lysudstyr ser ud.\" \/>\n<meta property=\"og:url\" content=\"https:\/\/dimesis.dk\/index.php\/diskotek-dimesis-paa-facebook\/\" \/>\n<meta property=\"og:site_name\" content=\"Dimesis\" \/>\n<meta property=\"article:modified_time\" content=\"2024-01-20T15:51:44+00:00\" \/>\n<meta property=\"og:image\" content=\"https:\/\/dimesis.dk\/wp-content\/uploads\/2024\/01\/Ruths-Hotel-2023-1024x768.jpg\" \/>\n<meta name=\"twitter:card\" content=\"summary_large_image\" \/>\n<meta name=\"twitter:label1\" content=\"Estimeret l\u00e6setid\" \/>\n\t<meta name=\"twitter:data1\" content=\"2 minutter\" \/>\n<script type=\"application\/ld+json\" class=\"yoast-schema-graph\">{\"@context\":\"https:\/\/schema.org\",\"@graph\":[{\"@type\":\"WebPage\",\"@id\":\"https:\/\/dimesis.dk\/index.php\/diskotek-dimesis-paa-facebook\/\",\"url\":\"https:\/\/dimesis.dk\/index.php\/diskotek-dimesis-paa-facebook\/\",\"name\":\"Diskotek Dimesis p\u00e5 Facebook - Dimesis\",\"isPartOf\":{\"@id\":\"https:\/\/dimesis.dk\/#website\"},\"primaryImageOfPage\":{\"@id\":\"https:\/\/dimesis.dk\/index.php\/diskotek-dimesis-paa-facebook\/#primaryimage\"},\"image\":{\"@id\":\"https:\/\/dimesis.dk\/index.php\/diskotek-dimesis-paa-facebook\/#primaryimage\"},\"thumbnailUrl\":\"https:\/\/dimesis.dk\/wp-content\/uploads\/2024\/01\/Ruths-Hotel-2023-1024x768.jpg\",\"datePublished\":\"2020-02-12T11:11:59+00:00\",\"dateModified\":\"2024-01-20T15:51:44+00:00\",\"description\":\"F\u00f8lg Diskotek Dimesis p\u00e5 Facebook og f\u00e5 de seneste nyheder om mobildiskoteket. Se bl.a. eksempler p\u00e5, hvordan vores lyd- og lysudstyr ser ud.\",\"breadcrumb\":{\"@id\":\"https:\/\/dimesis.dk\/index.php\/diskotek-dimesis-paa-facebook\/#breadcrumb\"},\"inLanguage\":\"da-DK\",\"potentialAction\":[{\"@type\":\"ReadAction\",\"target\":[\"https:\/\/dimesis.dk\/index.php\/diskotek-dimesis-paa-facebook\/\"]}]},{\"@type\":\"ImageObject\",\"inLanguage\":\"da-DK\",\"@id\":\"https:\/\/dimesis.dk\/index.php\/diskotek-dimesis-paa-facebook\/#primaryimage\",\"url\":\"https:\/\/dimesis.dk\/wp-content\/uploads\/2024\/01\/Ruths-Hotel-2023-scaled.jpg\",\"contentUrl\":\"https:\/\/dimesis.dk\/wp-content\/uploads\/2024\/01\/Ruths-Hotel-2023-scaled.jpg\",\"width\":2560,\"height\":1920,\"caption\":\"Ruths Hotel, Skagen\"},{\"@type\":\"BreadcrumbList\",\"@id\":\"https:\/\/dimesis.dk\/index.php\/diskotek-dimesis-paa-facebook\/#breadcrumb\",\"itemListElement\":[{\"@type\":\"ListItem\",\"position\":1,\"name\":\"Hjem\",\"item\":\"https:\/\/dimesis.dk\/\"},{\"@type\":\"ListItem\",\"position\":2,\"name\":\"Diskotek Dimesis p\u00e5 Facebook\"}]},{\"@type\":\"WebSite\",\"@id\":\"https:\/\/dimesis.dk\/#website\",\"url\":\"https:\/\/dimesis.dk\/\",\"name\":\"Dimesis\",\"description\":\"Mobildiskotek | Radio | Speak\",\"publisher\":{\"@id\":\"https:\/\/dimesis.dk\/#organization\"},\"potentialAction\":[{\"@type\":\"SearchAction\",\"target\":{\"@type\":\"EntryPoint\",\"urlTemplate\":\"https:\/\/dimesis.dk\/?s={search_term_string}\"},\"query-input\":{\"@type\":\"PropertyValueSpecification\",\"valueRequired\":true,\"valueName\":\"search_term_string\"}}],\"inLanguage\":\"da-DK\"},{\"@type\":\"Organization\",\"@id\":\"https:\/\/dimesis.dk\/#organization\",\"name\":\"Dimesis\",\"url\":\"https:\/\/dimesis.dk\/\",\"logo\":{\"@type\":\"ImageObject\",\"inLanguage\":\"da-DK\",\"@id\":\"https:\/\/dimesis.dk\/#\/schema\/logo\/image\/\",\"url\":\"https:\/\/dimesis.dk\/wp-content\/uploads\/2020\/01\/DimesisLogo512x512px.png\",\"contentUrl\":\"https:\/\/dimesis.dk\/wp-content\/uploads\/2020\/01\/DimesisLogo512x512px.png\",\"width\":512,\"height\":512,\"caption\":\"Dimesis\"},\"image\":{\"@id\":\"https:\/\/dimesis.dk\/#\/schema\/logo\/image\/\"}}]}<\/script>\n<!-- \/ Yoast SEO plugin. -->","yoast_head_json":{"title":"Diskotek Dimesis p\u00e5 Facebook - Dimesis","description":"F\u00f8lg Diskotek Dimesis p\u00e5 Facebook og f\u00e5 de seneste nyheder om mobildiskoteket. Se bl.a. eksempler p\u00e5, hvordan vores lyd- og lysudstyr ser ud.","robots":{"index":"index","follow":"follow","max-snippet":"max-snippet:-1","max-image-preview":"max-image-preview:large","max-video-preview":"max-video-preview:-1"},"canonical":"https:\/\/dimesis.dk\/index.php\/diskotek-dimesis-paa-facebook\/","og_locale":"da_DK","og_type":"article","og_title":"Diskotek Dimesis p\u00e5 Facebook - Dimesis","og_description":"F\u00f8lg Diskotek Dimesis p\u00e5 Facebook og f\u00e5 de seneste nyheder om mobildiskoteket. Se bl.a. eksempler p\u00e5, hvordan vores lyd- og lysudstyr ser ud.","og_url":"https:\/\/dimesis.dk\/index.php\/diskotek-dimesis-paa-facebook\/","og_site_name":"Dimesis","article_modified_time":"2024-01-20T15:51:44+00:00","og_image":[{"url":"https:\/\/dimesis.dk\/wp-content\/uploads\/2024\/01\/Ruths-Hotel-2023-1024x768.jpg","type":"","width":"","height":""}],"twitter_card":"summary_large_image","twitter_misc":{"Estimeret l\u00e6setid":"2 minutter"},"schema":{"@context":"https:\/\/schema.org","@graph":[{"@type":"WebPage","@id":"https:\/\/dimesis.dk\/index.php\/diskotek-dimesis-paa-facebook\/","url":"https:\/\/dimesis.dk\/index.php\/diskotek-dimesis-paa-facebook\/","name":"Diskotek Dimesis p\u00e5 Facebook - Dimesis","isPartOf":{"@id":"https:\/\/dimesis.dk\/#website"},"primaryImageOfPage":{"@id":"https:\/\/dimesis.dk\/index.php\/diskotek-dimesis-paa-facebook\/#primaryimage"},"image":{"@id":"https:\/\/dimesis.dk\/index.php\/diskotek-dimesis-paa-facebook\/#primaryimage"},"thumbnailUrl":"https:\/\/dimesis.dk\/wp-content\/uploads\/2024\/01\/Ruths-Hotel-2023-1024x768.jpg","datePublished":"2020-02-12T11:11:59+00:00","dateModified":"2024-01-20T15:51:44+00:00","description":"F\u00f8lg Diskotek Dimesis p\u00e5 Facebook og f\u00e5 de seneste nyheder om mobildiskoteket. Se bl.a. eksempler p\u00e5, hvordan vores lyd- og lysudstyr ser ud.","breadcrumb":{"@id":"https:\/\/dimesis.dk\/index.php\/diskotek-dimesis-paa-facebook\/#breadcrumb"},"inLanguage":"da-DK","potentialAction":[{"@type":"ReadAction","target":["https:\/\/dimesis.dk\/index.php\/diskotek-dimesis-paa-facebook\/"]}]},{"@type":"ImageObject","inLanguage":"da-DK","@id":"https:\/\/dimesis.dk\/index.php\/diskotek-dimesis-paa-facebook\/#primaryimage","url":"https:\/\/dimesis.dk\/wp-content\/uploads\/2024\/01\/Ruths-Hotel-2023-scaled.jpg","contentUrl":"https:\/\/dimesis.dk\/wp-content\/uploads\/2024\/01\/Ruths-Hotel-2023-scaled.jpg","width":2560,"height":1920,"caption":"Ruths Hotel, Skagen"},{"@type":"BreadcrumbList","@id":"https:\/\/dimesis.dk\/index.php\/diskotek-dimesis-paa-facebook\/#breadcrumb","itemListElement":[{"@type":"ListItem","position":1,"name":"Hjem","item":"https:\/\/dimesis.dk\/"},{"@type":"ListItem","position":2,"name":"Diskotek Dimesis p\u00e5 Facebook"}]},{"@type":"WebSite","@id":"https:\/\/dimesis.dk\/#website","url":"https:\/\/dimesis.dk\/","name":"Dimesis","description":"Mobildiskotek | Radio | Speak","publisher":{"@id":"https:\/\/dimesis.dk\/#organization"},"potentialAction":[{"@type":"SearchAction","target":{"@type":"EntryPoint","urlTemplate":"https:\/\/dimesis.dk\/?s={search_term_string}"},"query-input":{"@type":"PropertyValueSpecification","valueRequired":true,"valueName":"search_term_string"}}],"inLanguage":"da-DK"},{"@type":"Organization","@id":"https:\/\/dimesis.dk\/#organization","name":"Dimesis","url":"https:\/\/dimesis.dk\/","logo":{"@type":"ImageObject","inLanguage":"da-DK","@id":"https:\/\/dimesis.dk\/#\/schema\/logo\/image\/","url":"https:\/\/dimesis.dk\/wp-content\/uploads\/2020\/01\/DimesisLogo512x512px.png","contentUrl":"https:\/\/dimesis.dk\/wp-content\/uploads\/2020\/01\/DimesisLogo512x512px.png","width":512,"height":512,"caption":"Dimesis"},"image":{"@id":"https:\/\/dimesis.dk\/#\/schema\/logo\/image\/"}}]}},"_links":{"self":[{"href":"https:\/\/dimesis.dk\/index.php\/wp-json\/wp\/v2\/pages\/151","targetHints":{"allow":["GET"]}}],"collection":[{"href":"https:\/\/dimesis.dk\/index.php\/wp-json\/wp\/v2\/pages"}],"about":[{"href":"https:\/\/dimesis.dk\/index.php\/wp-json\/wp\/v2\/types\/page"}],"author":[{"embeddable":true,"href":"https:\/\/dimesis.dk\/index.php\/wp-json\/wp\/v2\/users\/1"}],"replies":[{"embeddable":true,"href":"https:\/\/dimesis.dk\/index.php\/wp-json\/wp\/v2\/comments?post=151"}],"version-history":[{"count":8,"href":"https:\/\/dimesis.dk\/index.php\/wp-json\/wp\/v2\/pages\/151\/revisions"}],"predecessor-version":[{"id":429,"href":"https:\/\/dimesis.dk\/index.php\/wp-json\/wp\/v2\/pages\/151\/revisions\/429"}],"wp:attachment":[{"href":"https:\/\/dimesis.dk\/index.php\/wp-json\/wp\/v2\/media?parent=151"}],"curies":[{"name":"wp","href":"https:\/\/api.w.org\/{rel}","templated":true}]}}