{"id":165,"date":"2020-03-04T22:39:00","date_gmt":"2020-03-04T22:39:00","guid":{"rendered":"https:\/\/dimesis.dk\/?page_id=165"},"modified":"2026-01-03T23:11:15","modified_gmt":"2026-01-03T22:11:15","slug":"priser-og-vilkaar-for-diskotek-dimesis","status":"publish","type":"page","link":"https:\/\/dimesis.dk\/index.php\/priser-og-vilkaar-for-diskotek-dimesis\/","title":{"rendered":"Priser og vilk\u00e5r for Diskotek Dimesis"},"content":{"rendered":"\n<h2 class=\"wp-block-heading\">Ingen fester er ens, men p\u00e5 nogle punkter ligner de hinanden<\/h2>\n\n\n\n<p>Alle fester er individuelle, og der kan derfor v\u00e6re forskellige behov og forhold, der p\u00e5virker prisen for mobildiskotek ved netop din fest. Derfor vil du altid f\u00e5 tilsendt et <em>individuelt<\/em>, skriftligt tilbud p\u00e5 mobildiskotek til din fest &#8211; efter en god dialog om dine \u00f8nsker og behov.  <\/p>\n\n\n\n<p>Ved <a href=\"https:\/\/dimesis.dk\/index.php\/mobildiskotek\/\">Diskotek Dimesis<\/a> har vi valgt at sammens\u00e6tte en vejledende Standardpakke, som erfaringen har vist passer til de fleste fester. Standardpakken har en meget enkel prisstruktur, du kan bruge til at f\u00e5 en id\u00e9 om, hvad vi kan levere mobildiskotek til dig for.<\/p>\n\n\n\n<h2 class=\"wp-block-heading\">Standardpakke<\/h2>\n\n\n\n<figure class=\"wp-block-image size-large\"><img loading=\"lazy\" decoding=\"async\" width=\"1024\" height=\"768\" src=\"https:\/\/dimesis.dk\/wp-content\/uploads\/2023\/01\/Hotel-Faarup-2022-2-1024x768.jpg\" alt=\"Et eksempel p\u00e5 en opstilling ud fra Standardpakken fra Diskotek Dimesis.\" class=\"wp-image-343\" srcset=\"https:\/\/dimesis.dk\/wp-content\/uploads\/2023\/01\/Hotel-Faarup-2022-2-1024x768.jpg 1024w, https:\/\/dimesis.dk\/wp-content\/uploads\/2023\/01\/Hotel-Faarup-2022-2-300x225.jpg 300w, https:\/\/dimesis.dk\/wp-content\/uploads\/2023\/01\/Hotel-Faarup-2022-2-768x576.jpg 768w, https:\/\/dimesis.dk\/wp-content\/uploads\/2023\/01\/Hotel-Faarup-2022-2-1536x1152.jpg 1536w, https:\/\/dimesis.dk\/wp-content\/uploads\/2023\/01\/Hotel-Faarup-2022-2-2048x1536.jpg 2048w\" sizes=\"auto, (max-width: 767px) 89vw, (max-width: 1000px) 54vw, (max-width: 1071px) 543px, 580px\" \/><figcaption class=\"wp-element-caption\">Et eksempel p\u00e5, hvordan Standardpakken kan se ud mht. udstyr<\/figcaption><\/figure>\n\n\n\n<p><a href=\"https:\/\/dimesis.dk\/index.php\/mobildiskotek\/\">Diskotek Dimesis&#8217; <\/a>Standardpakke er den mindste pakke, vi tilbyder, og den  indeholder f\u00f8lgende:<\/p>\n\n\n\n<ul class=\"wp-block-list\">\n<li>Komplet professionelt lyd- og lysudstyr tilpasset op til 75 personer i dit festlokale &#8211; opstillet og testet f\u00f8r g\u00e6sterne ankommer<\/li>\n\n\n\n<li> Op til fire timers musik (typisk til dans fra fx kl. 21-01) med <a href=\"https:\/\/dimesis.dk\/index.php\/dj-mikkel-steen-oestervig\/\">DJ Mikkel Steen \u00d8stervig<\/a> ved pulten <\/li>\n\n\n\n<li> Forberedelse af musikstil, s\u00e6rlige musik\u00f8nsker og tidsplan inden festen sammen med dig p\u00e5 telefon og mail<\/li>\n\n\n\n<li> K\u00f8rsel inden for Storaalborg<\/li>\n\n\n\n<li> Koordinering af alt praktisk og teknisk i forbindelse med mobildiskoteket med det sted, du har valgt at holde festen<\/li>\n<\/ul>\n\n\n\n<p>Samlet pris for Standardpakken er 6.250 kr. inkl. moms.<\/p>\n\n\n\n<h3 class=\"wp-block-heading\">Mere tid med musik<\/h3>\n\n\n\n<p>Supplerende spilletimer ud over de fire, der er indeholdt i Standardpakken, koster 850 kr.\/stk., hvis du bestiller dem inden festen.<\/p>\n\n\n\n<p>Hvis du \u00f8nsker at tilk\u00f8be timer p\u00e5 selve festdagen koster de 500 kr. pr. p\u00e5begyndte halve time. Disse kan tilk\u00f8bes l\u00f8bende under festen &#8211; efter aftale og behov.<\/p>\n\n\n\n<h2 class=\"wp-block-heading\">Udvidelsesmuligheder<\/h2>\n\n\n\n<p>Ved fester over 75 personer er der brug for mere lyd- og lysudstyr til at sikre alle deltagere en god oplevelse, og du vil derfor opleve, at der vil komme till\u00e6g til Standardpakkens pris, som modsvarer festens st\u00f8rrelse &#8211; herunder ogs\u00e5 for spilletimer.<\/p>\n\n\n\n<p>Hvis du har s\u00e6rlige \u00f8nsker til lyd og lys &#8211; fx uplights andre steder end festlokalet, flere spejlkugler eller moving heads, lavtliggende r\u00f8g mv., vil dette ogs\u00e5 medf\u00f8re en meromkostning, der beskrives s\u00e6rskilt i tilbuddet.<\/p>\n\n\n\n<h2 class=\"wp-block-heading\">Heldags-\/aftensarrangementer<\/h2>\n\n\n\n<p>Tilbud p\u00e5 heldags-\/aftenarrangementer er baseret p\u00e5 Standardpakken og de supplerende spilletimer og udvidelser, du \u00f8nsker, samt eventuelle udgifter til k\u00f8rsel. Kontakt os for at f\u00e5 et individuelt tilbud ved at bruge kontaktformularen i bunden af siden. <\/p>\n\n\n\n<h2 class=\"wp-block-heading\">K\u00f8rsel<\/h2>\n\n\n\n<p>K\u00f8rsel udover Storaalborg beregnes ud fra <a href=\"https:\/\/sktst.dk\/nyheder-og-pressemeddelelser\/hoejere-fradrag-til-pendlerne-i-2026\" target=\"_blank\" rel=\"noreferrer noopener nofollow\">statens takster for k\u00f8rselsgodtg\u00f8relse<\/a> og suppleres ogs\u00e5 med timel\u00f8n, hvis afstanden, der skal tilbagel\u00e6gges i forbindelse med festen, samlet overstiger 100 km fra Storaalborg.<\/p>\n\n\n\n<h2 class=\"wp-block-heading\">Betaling og vilk\u00e5r<\/h2>\n\n\n\n<h3 class=\"wp-block-heading\">Indg\u00e5else af aftale<\/h3>\n\n\n\n<p>N\u00e5r alle detaljer omkring arrangementet er p\u00e5 plads, og du accepterer dette skriftlige tilbud, sender vi en faktura p\u00e5 1.000 kr. som depositum for indg\u00e5else af en fast aftale. Dermed er datoen ogs\u00e5 l\u00e5st i Diskotek Dimesis\u2019 kalender, og andre kunder vil ikke f\u00e5 tilbud om mobildiskotek p\u00e5 denne dato.<\/p>\n\n\n\n<p>Restbetalingen for mobildiskoteket faktureres ca. to uger f\u00f8r festens afholdelse. Denne faktura skal betales ved kontooverf\u00f8rsel senest sidste bankdag f\u00f8r festens afholdelse. Ved manglende rettidig restbetaling betragter vi aftalen som oph\u00e6vet fra din side, og Diskotek Dimesis forbeholder sig derfor ret til at udeblive fra festen og acceptere booking til anden side.<\/p>\n\n\n\n<h3 class=\"wp-block-heading\">Aflysning eller oph\u00e6velse af aftale<\/h3>\n\n\n\n<p>Depositummet g\u00e5r tabt, hvis du oph\u00e6ver vores aftale senere end 30 kalenderdage f\u00f8r datoen for festen. Hvis du aflyser festen senere end 14 kalenderdage f\u00f8r den aftalte dato for festen, er du forpligtet til at betale tilbudsbel\u00f8bet ved aftalens indg\u00e5else &#8211; fratrukket depositum &#8211; medmindre aflysningen skyldes restriktioner fra sundhedsmyndigheder, kommune eller politi.<\/p>\n\n\n\n<p>Hvis Diskotek Dimesis, mod al forventning, er n\u00f8dt til at oph\u00e6ve aftalen (fx ved sygdom eller anden force majeure), tilbagebetaler vi depositummet og evt. restbetaling og aktiverer vores netv\u00e6rk, s\u00e5 vi kan finde et tilsvarende mobildiskotek til jeres fest.<\/p>\n\n\n\n<p><\/p>\n\n\n<div class=\"caldera-grid\" id=\"caldera_form_1\" data-cf-ver=\"1.9.6\" data-cf-form-id=\"CF5e1ecc63c1356\"><div id=\"caldera_notices_1\" data-spinner=\"https:\/\/dimesis.dk\/wp-admin\/images\/spinner.gif\"><\/div><form data-instance=\"1\" class=\"CF5e1ecc63c1356 caldera_forms_form cfajax-trigger\" method=\"POST\" enctype=\"multipart\/form-data\" id=\"CF5e1ecc63c1356_1\" data-form-id=\"CF5e1ecc63c1356\" aria-label=\"Mobildiskotek\" data-target=\"#caldera_notices_1\" data-template=\"#cfajax_CF5e1ecc63c1356-tmpl\" data-cfajax=\"CF5e1ecc63c1356\" data-load-element=\"_parent\" data-load-class=\"cf_processing\" data-post-disable=\"0\" data-action=\"cf_process_ajax_submit\" data-request=\"https:\/\/dimesis.dk\/cf-api\/CF5e1ecc63c1356\" data-hiderows=\"true\">\r\n<input type=\"hidden\" id=\"_cf_verify_CF5e1ecc63c1356\" name=\"_cf_verify\" value=\"e5b10e7702\"  data-nonce-time=\"1778504942\" \/><input type=\"hidden\" name=\"_wp_http_referer\" value=\"\/index.php\/wp-json\/wp\/v2\/pages\/165\" \/><div id=\"cf2-CF5e1ecc63c1356_1\"><\/div><input type=\"hidden\" name=\"_cf_frm_id\" value=\"CF5e1ecc63c1356\">\r\n<input type=\"hidden\" name=\"_cf_frm_ct\" value=\"1\">\r\n<input type=\"hidden\" name=\"cfajax\" value=\"CF5e1ecc63c1356\">\r\n<input type=\"hidden\" name=\"_cf_cr_pst\" value=\"165\">\r\n<div class=\"hide\" style=\"display:none; overflow:hidden;height:0;width:0;\">\r\n<label>Twitter<\/label><input type=\"text\" name=\"twitter\" value=\"\" autocomplete=\"off\">\r\n<\/div><div id=\"CF5e1ecc63c1356_1-row-1\"  class=\"row  first_row\"><div  class=\"col-sm-12  single\"><div class=\"\"><h2>Foresp\u00f8rg p\u00e5 Diskotek Dimesis<\/h2>\n<p>Fort\u00e6l os, hvordan vi kan kontakte dig, og hvilken fest, du \u00f8nsker mobildiskotek til, s\u00e5 h\u00f8rer du fra os hurtigst muligt.<\/p>\n<hr>\n<\/div><\/div><\/div><div id=\"CF5e1ecc63c1356_1-row-2\"  class=\"row \"><div  class=\"col-sm-4  first_col\"><div data-field-wrapper=\"fld_8768091\" class=\"form-group\" id=\"fld_8768091_1-wrap\">\r\n\t<label id=\"fld_8768091Label\" for=\"fld_8768091_1\" class=\"control-label\">Navn <span aria-hidden=\"true\" role=\"presentation\" class=\"field_required\" style=\"color:#ee0000;\">*<\/span><\/label>\r\n\t<div class=\"\">\r\n\t\t<input   required type=\"text\" data-field=\"fld_8768091\" class=\" form-control\" id=\"fld_8768091_1\" name=\"fld_8768091\" value=\"\" data-type=\"text\" aria-required=\"true\"   aria-labelledby=\"fld_8768091Label\" >\t\t\t<\/div>\r\n<\/div>\r\n<\/div><div  class=\"col-sm-4 \"><div data-field-wrapper=\"fld_7665135\" class=\"form-group\" id=\"fld_7665135_1-wrap\">\r\n\t<label id=\"fld_7665135Label\" for=\"fld_7665135_1\" class=\"control-label\">Telefonnummer <span aria-hidden=\"true\" role=\"presentation\" class=\"field_required\" style=\"color:#ee0000;\">*<\/span><\/label>\r\n\t<div class=\"\">\r\n\t\t<input  data-inputmask=\"'mask': '99 99 99 99'\"  required type=\"phone\" data-field=\"fld_7665135\" class=\" form-control\" id=\"fld_7665135_1\" name=\"fld_7665135\" value=\"\" data-type=\"phone\" aria-required=\"true\"   aria-labelledby=\"fld_7665135Label\" >\t\t\t<\/div>\r\n<\/div>\r\n<\/div><div  class=\"col-sm-4  last_col\"><div data-field-wrapper=\"fld_6009157\" class=\"form-group\" id=\"fld_6009157_1-wrap\">\r\n\t<label id=\"fld_6009157Label\" for=\"fld_6009157_1\" class=\"control-label\">Email-adresse <span aria-hidden=\"true\" role=\"presentation\" class=\"field_required\" style=\"color:#ee0000;\">*<\/span><\/label>\r\n\t<div class=\"\">\r\n\t\t<input   required type=\"email\" data-field=\"fld_6009157\" class=\" form-control\" id=\"fld_6009157_1\" name=\"fld_6009157\" value=\"\" data-type=\"email\" aria-required=\"true\"   aria-labelledby=\"fld_6009157Label\" >\t\t\t<\/div>\r\n<\/div>\r\n<\/div><\/div><div id=\"CF5e1ecc63c1356_1-row-3\"  class=\"row \"><div  class=\"col-sm-6  first_col\"><div data-field-wrapper=\"fld_6316396\" class=\"form-group\" id=\"fld_6316396_1-wrap\">\r\n\t<label id=\"fld_6316396Label\" for=\"fld_6316396_1\" class=\"control-label\">Festtype <span aria-hidden=\"true\" role=\"presentation\" class=\"field_required\" style=\"color:#ee0000;\">*<\/span><\/label>\r\n\t<div class=\"\">\r\n\t\t<select name=\"fld_6316396\" value=\"opt2046056\" data-field=\"fld_6316396\" class=\"form-control\" id=\"fld_6316396_1\"  required=\"required\"  aria-labelledby=\"fld_6316396Label\" >\n\t\t\t\t\t\t\t<option value=\"F\u00f8dselsdag\" selected=\"selected\" data-calc-value=\"F\u00f8dselsdag\" >\n\t\t\t\t\t\tF\u00f8dselsdag\t\t\t\t\t<\/option>\n\t\t\t\t\t\t\t\t\t\t<option value=\"Bryllup\"  data-calc-value=\"Bryllup\" >\n\t\t\t\t\t\tBryllup\t\t\t\t\t<\/option>\n\t\t\t\t\t\t\t\t\t\t<option value=\"Firmafest\"  data-calc-value=\"Firmafest\" >\n\t\t\t\t\t\tFirmafest\t\t\t\t\t<\/option>\n\t\t\t\t\t\t\t\t\t\t<option value=\"Anden fest\"  data-calc-value=\"Anden fest\" >\n\t\t\t\t\t\tAnden fest\t\t\t\t\t<\/option>\n\t\t\t\t\t\t\t<\/select>\n\t\t\t<\/div>\r\n<\/div>\r\n\n<div data-field-wrapper=\"fld_8301468\" class=\"form-group\" id=\"fld_8301468_1-wrap\">\r\n\t<label id=\"fld_8301468Label\" for=\"fld_8301468_1\" class=\"control-label\">Dato for festen <span aria-hidden=\"true\" role=\"presentation\" class=\"field_required\" style=\"color:#ee0000;\">*<\/span><\/label>\r\n\t<div class=\"\">\r\n\t\t<input  type=\"text\" data-provide=\"cfdatepicker\" name=\"fld_8301468\" value=\"\" id=\"fld_8301468_1\" data-field=\"fld_8301468\" class=\"form-control cfdatepicker is-cfdatepicker\" data-date-format=\"dd-mm-yyyy\" required=\"1\" data-date-start-view=\"month\"   aria-labelledby=\"fld_8301468Label\" required  \/>\n\t\t\t<\/div>\r\n<\/div>\r\n<\/div><div  class=\"col-sm-6  last_col\"><div data-field-wrapper=\"fld_5138760\" class=\"form-group\" id=\"fld_5138760_1-wrap\">\r\n\t<label id=\"fld_5138760Label\" for=\"fld_5138760_1\" class=\"control-label\">Ca. antal deltagere <span aria-hidden=\"true\" role=\"presentation\" class=\"field_required\" style=\"color:#ee0000;\">*<\/span><\/label>\r\n\t<div class=\"\">\r\n\t\t<input   required type=\"number\" data-field=\"fld_5138760\" class=\" form-control\" id=\"fld_5138760_1\" name=\"fld_5138760\" value=\"\" data-type=\"number\" min=\"0\" max=\"1000\" step=\"1\" data-parsley-type=\"number\" aria-required=\"true\"   aria-labelledby=\"fld_5138760Label\" >\t\t\t<\/div>\r\n<\/div>\r\n<div data-field-wrapper=\"fld_2933826\" class=\"form-group\" id=\"fld_2933826_1-wrap\">\r\n\t<label id=\"fld_2933826Label\" for=\"fld_2933826_1\" class=\"control-label\">Tidsrum for festen <span aria-hidden=\"true\" role=\"presentation\" class=\"field_required\" style=\"color:#ee0000;\">*<\/span><\/label>\r\n\t<div class=\"\">\r\n\t\t<input   required type=\"text\" data-field=\"fld_2933826\" class=\" form-control\" id=\"fld_2933826_1\" name=\"fld_2933826\" value=\"fx kl. 22-02\" data-type=\"text\" aria-required=\"true\"   aria-labelledby=\"fld_2933826Label\" >\t\t\t<\/div>\r\n<\/div>\r\n<\/div><\/div><div id=\"CF5e1ecc63c1356_1-row-4\"  class=\"row \"><div  class=\"col-sm-12  single\"><div data-field-wrapper=\"fld_9100844\" class=\"form-group\" id=\"fld_9100844_1-wrap\">\r\n\t<label id=\"fld_9100844Label\" for=\"fld_9100844_1\" class=\"control-label\">Hvor skal festen afholdes? <span aria-hidden=\"true\" role=\"presentation\" class=\"field_required\" style=\"color:#ee0000;\">*<\/span><\/label>\r\n\t<div class=\"\">\r\n\t\t<input   required type=\"text\" data-field=\"fld_9100844\" class=\" form-control\" id=\"fld_9100844_1\" name=\"fld_9100844\" value=\"\" data-type=\"text\" aria-required=\"true\"   aria-labelledby=\"fld_9100844Label\" >\t\t\t<\/div>\r\n<\/div>\r\n<div data-field-wrapper=\"fld_7683514\" class=\"form-group\" id=\"fld_7683514_1-wrap\">\r\n\t<label id=\"fld_7683514Label\" for=\"fld_7683514_1\" class=\"control-label\">Uddybende kommentarer \/ sp\u00f8rgsm\u00e5l<\/label>\r\n\t<div class=\"\">\r\n\t\t<textarea name=\"fld_7683514\" value=\"\" data-field=\"fld_7683514\" class=\"form-control\" id=\"fld_7683514_1\" rows=\"7\"    aria-labelledby=\"fld_7683514Label\" ><\/textarea>\n\t\t\t<\/div>\r\n<\/div>\r\n<div data-field-wrapper=\"fld_7908577\" class=\"form-group\" id=\"fld_7908577_1-wrap\">\r\n<div class=\"\">\r\n\t<input  class=\"btn btn-default\" type=\"submit\" name=\"fld_7908577\" id=\"fld_7908577_1\" value=\"Send besked\" data-field=\"fld_7908577\"  >\n<\/div>\r\n<\/div>\r\n\t<input class=\"button_trigger_1\" type=\"hidden\" name=\"fld_7908577\" id=\"fld_7908577_1_btn\" value=\"\" data-field=\"fld_7908577\"  \/>\n<\/div><\/div><div id=\"CF5e1ecc63c1356_1-row-5\"  class=\"row  last_row\"><div  class=\"col-sm-12  single\"><\/div><\/div><\/form>\r\n<\/div>\r\n\n\n\n<p class=\"has-small-font-size\">Ovenst\u00e5ende priser og vilk\u00e5r er g\u00e6ldende for bookinger af mobildiskoteker, der afvikles fra 1. januar 2026 til 31. december 2026. Alle opgivne priser er inklusive eventuelle afgifter og moms.<\/p>\n","protected":false},"excerpt":{"rendered":"<p>Ingen fester er ens, men p\u00e5 nogle punkter ligner de hinanden Alle fester er individuelle, og der kan derfor v\u00e6re forskellige behov og forhold, der p\u00e5virker prisen for mobildiskotek ved netop din fest. Derfor vil du altid f\u00e5 tilsendt et individuelt, skriftligt tilbud p\u00e5 mobildiskotek til din fest &#8211; efter en god dialog om dine &hellip; <\/p>\n<p class=\"link-more\"><a href=\"https:\/\/dimesis.dk\/index.php\/priser-og-vilkaar-for-diskotek-dimesis\/\" class=\"more-link\">L\u00e6s videre<span class=\"screen-reader-text\"> &#8220;Priser og vilk\u00e5r for Diskotek Dimesis&#8221;<\/span><\/a><\/p>\n","protected":false},"author":1,"featured_media":0,"parent":0,"menu_order":0,"comment_status":"closed","ping_status":"closed","template":"","meta":{"footnotes":""},"class_list":["post-165","page","type-page","status-publish","hentry"],"yoast_head":"<!-- This site is optimized with the Yoast SEO plugin v26.6 - https:\/\/yoast.com\/wordpress\/plugins\/seo\/ -->\n<title>Priser og vilk\u00e5r for Diskotek Dimesis - Dimesis<\/title>\n<meta name=\"description\" content=\"Se hvad det koster at f\u00e5 Diskotek Dimesis til at levere mobildiskotek til din fest. Standardpakken starter ved 5.500 kr. - inklusiv lyd, lys og DJ.\" \/>\n<meta name=\"robots\" content=\"index, follow, max-snippet:-1, max-image-preview:large, max-video-preview:-1\" \/>\n<link rel=\"canonical\" href=\"https:\/\/dimesis.dk\/index.php\/priser-og-vilkaar-for-diskotek-dimesis\/\" \/>\n<meta property=\"og:locale\" content=\"da_DK\" \/>\n<meta property=\"og:type\" content=\"article\" \/>\n<meta property=\"og:title\" content=\"Priser og vilk\u00e5r for Diskotek Dimesis - Dimesis\" \/>\n<meta property=\"og:description\" content=\"Se hvad det koster at f\u00e5 Diskotek Dimesis til at levere mobildiskotek til din fest. Standardpakken starter ved 5.500 kr. - inklusiv lyd, lys og DJ.\" \/>\n<meta property=\"og:url\" content=\"https:\/\/dimesis.dk\/index.php\/priser-og-vilkaar-for-diskotek-dimesis\/\" \/>\n<meta property=\"og:site_name\" content=\"Dimesis\" \/>\n<meta property=\"article:modified_time\" content=\"2026-01-03T22:11:15+00:00\" \/>\n<meta property=\"og:image\" content=\"https:\/\/dimesis.dk\/wp-content\/uploads\/2023\/01\/Hotel-Faarup-2022-2-scaled.jpg\" \/>\n\t<meta property=\"og:image:width\" content=\"2560\" \/>\n\t<meta property=\"og:image:height\" content=\"1920\" \/>\n\t<meta property=\"og:image:type\" content=\"image\/jpeg\" \/>\n<meta name=\"twitter:card\" content=\"summary_large_image\" \/>\n<meta name=\"twitter:label1\" content=\"Estimeret l\u00e6setid\" \/>\n\t<meta name=\"twitter:data1\" content=\"4 minutter\" \/>\n<script type=\"application\/ld+json\" class=\"yoast-schema-graph\">{\"@context\":\"https:\/\/schema.org\",\"@graph\":[{\"@type\":\"WebPage\",\"@id\":\"https:\/\/dimesis.dk\/index.php\/priser-og-vilkaar-for-diskotek-dimesis\/\",\"url\":\"https:\/\/dimesis.dk\/index.php\/priser-og-vilkaar-for-diskotek-dimesis\/\",\"name\":\"Priser og vilk\u00e5r for Diskotek Dimesis - Dimesis\",\"isPartOf\":{\"@id\":\"https:\/\/dimesis.dk\/#website\"},\"primaryImageOfPage\":{\"@id\":\"https:\/\/dimesis.dk\/index.php\/priser-og-vilkaar-for-diskotek-dimesis\/#primaryimage\"},\"image\":{\"@id\":\"https:\/\/dimesis.dk\/index.php\/priser-og-vilkaar-for-diskotek-dimesis\/#primaryimage\"},\"thumbnailUrl\":\"https:\/\/dimesis.dk\/wp-content\/uploads\/2023\/01\/Hotel-Faarup-2022-2-1024x768.jpg\",\"datePublished\":\"2020-03-04T22:39:00+00:00\",\"dateModified\":\"2026-01-03T22:11:15+00:00\",\"description\":\"Se hvad det koster at f\u00e5 Diskotek Dimesis til at levere mobildiskotek til din fest. Standardpakken starter ved 5.500 kr. - inklusiv lyd, lys og DJ.\",\"breadcrumb\":{\"@id\":\"https:\/\/dimesis.dk\/index.php\/priser-og-vilkaar-for-diskotek-dimesis\/#breadcrumb\"},\"inLanguage\":\"da-DK\",\"potentialAction\":[{\"@type\":\"ReadAction\",\"target\":[\"https:\/\/dimesis.dk\/index.php\/priser-og-vilkaar-for-diskotek-dimesis\/\"]}]},{\"@type\":\"ImageObject\",\"inLanguage\":\"da-DK\",\"@id\":\"https:\/\/dimesis.dk\/index.php\/priser-og-vilkaar-for-diskotek-dimesis\/#primaryimage\",\"url\":\"https:\/\/dimesis.dk\/wp-content\/uploads\/2023\/01\/Hotel-Faarup-2022-2-1024x768.jpg\",\"contentUrl\":\"https:\/\/dimesis.dk\/wp-content\/uploads\/2023\/01\/Hotel-Faarup-2022-2-1024x768.jpg\"},{\"@type\":\"BreadcrumbList\",\"@id\":\"https:\/\/dimesis.dk\/index.php\/priser-og-vilkaar-for-diskotek-dimesis\/#breadcrumb\",\"itemListElement\":[{\"@type\":\"ListItem\",\"position\":1,\"name\":\"Hjem\",\"item\":\"https:\/\/dimesis.dk\/\"},{\"@type\":\"ListItem\",\"position\":2,\"name\":\"Priser og vilk\u00e5r for Diskotek Dimesis\"}]},{\"@type\":\"WebSite\",\"@id\":\"https:\/\/dimesis.dk\/#website\",\"url\":\"https:\/\/dimesis.dk\/\",\"name\":\"Dimesis\",\"description\":\"Mobildiskotek | Radio | Speak\",\"publisher\":{\"@id\":\"https:\/\/dimesis.dk\/#organization\"},\"potentialAction\":[{\"@type\":\"SearchAction\",\"target\":{\"@type\":\"EntryPoint\",\"urlTemplate\":\"https:\/\/dimesis.dk\/?s={search_term_string}\"},\"query-input\":{\"@type\":\"PropertyValueSpecification\",\"valueRequired\":true,\"valueName\":\"search_term_string\"}}],\"inLanguage\":\"da-DK\"},{\"@type\":\"Organization\",\"@id\":\"https:\/\/dimesis.dk\/#organization\",\"name\":\"Dimesis\",\"url\":\"https:\/\/dimesis.dk\/\",\"logo\":{\"@type\":\"ImageObject\",\"inLanguage\":\"da-DK\",\"@id\":\"https:\/\/dimesis.dk\/#\/schema\/logo\/image\/\",\"url\":\"https:\/\/dimesis.dk\/wp-content\/uploads\/2020\/01\/DimesisLogo512x512px.png\",\"contentUrl\":\"https:\/\/dimesis.dk\/wp-content\/uploads\/2020\/01\/DimesisLogo512x512px.png\",\"width\":512,\"height\":512,\"caption\":\"Dimesis\"},\"image\":{\"@id\":\"https:\/\/dimesis.dk\/#\/schema\/logo\/image\/\"}}]}<\/script>\n<!-- \/ Yoast SEO plugin. -->","yoast_head_json":{"title":"Priser og vilk\u00e5r for Diskotek Dimesis - Dimesis","description":"Se hvad det koster at f\u00e5 Diskotek Dimesis til at levere mobildiskotek til din fest. Standardpakken starter ved 5.500 kr. - inklusiv lyd, lys og DJ.","robots":{"index":"index","follow":"follow","max-snippet":"max-snippet:-1","max-image-preview":"max-image-preview:large","max-video-preview":"max-video-preview:-1"},"canonical":"https:\/\/dimesis.dk\/index.php\/priser-og-vilkaar-for-diskotek-dimesis\/","og_locale":"da_DK","og_type":"article","og_title":"Priser og vilk\u00e5r for Diskotek Dimesis - Dimesis","og_description":"Se hvad det koster at f\u00e5 Diskotek Dimesis til at levere mobildiskotek til din fest. Standardpakken starter ved 5.500 kr. - inklusiv lyd, lys og DJ.","og_url":"https:\/\/dimesis.dk\/index.php\/priser-og-vilkaar-for-diskotek-dimesis\/","og_site_name":"Dimesis","article_modified_time":"2026-01-03T22:11:15+00:00","og_image":[{"width":2560,"height":1920,"url":"https:\/\/dimesis.dk\/wp-content\/uploads\/2023\/01\/Hotel-Faarup-2022-2-scaled.jpg","type":"image\/jpeg"}],"twitter_card":"summary_large_image","twitter_misc":{"Estimeret l\u00e6setid":"4 minutter"},"schema":{"@context":"https:\/\/schema.org","@graph":[{"@type":"WebPage","@id":"https:\/\/dimesis.dk\/index.php\/priser-og-vilkaar-for-diskotek-dimesis\/","url":"https:\/\/dimesis.dk\/index.php\/priser-og-vilkaar-for-diskotek-dimesis\/","name":"Priser og vilk\u00e5r for Diskotek Dimesis - Dimesis","isPartOf":{"@id":"https:\/\/dimesis.dk\/#website"},"primaryImageOfPage":{"@id":"https:\/\/dimesis.dk\/index.php\/priser-og-vilkaar-for-diskotek-dimesis\/#primaryimage"},"image":{"@id":"https:\/\/dimesis.dk\/index.php\/priser-og-vilkaar-for-diskotek-dimesis\/#primaryimage"},"thumbnailUrl":"https:\/\/dimesis.dk\/wp-content\/uploads\/2023\/01\/Hotel-Faarup-2022-2-1024x768.jpg","datePublished":"2020-03-04T22:39:00+00:00","dateModified":"2026-01-03T22:11:15+00:00","description":"Se hvad det koster at f\u00e5 Diskotek Dimesis til at levere mobildiskotek til din fest. Standardpakken starter ved 5.500 kr. - inklusiv lyd, lys og DJ.","breadcrumb":{"@id":"https:\/\/dimesis.dk\/index.php\/priser-og-vilkaar-for-diskotek-dimesis\/#breadcrumb"},"inLanguage":"da-DK","potentialAction":[{"@type":"ReadAction","target":["https:\/\/dimesis.dk\/index.php\/priser-og-vilkaar-for-diskotek-dimesis\/"]}]},{"@type":"ImageObject","inLanguage":"da-DK","@id":"https:\/\/dimesis.dk\/index.php\/priser-og-vilkaar-for-diskotek-dimesis\/#primaryimage","url":"https:\/\/dimesis.dk\/wp-content\/uploads\/2023\/01\/Hotel-Faarup-2022-2-1024x768.jpg","contentUrl":"https:\/\/dimesis.dk\/wp-content\/uploads\/2023\/01\/Hotel-Faarup-2022-2-1024x768.jpg"},{"@type":"BreadcrumbList","@id":"https:\/\/dimesis.dk\/index.php\/priser-og-vilkaar-for-diskotek-dimesis\/#breadcrumb","itemListElement":[{"@type":"ListItem","position":1,"name":"Hjem","item":"https:\/\/dimesis.dk\/"},{"@type":"ListItem","position":2,"name":"Priser og vilk\u00e5r for Diskotek Dimesis"}]},{"@type":"WebSite","@id":"https:\/\/dimesis.dk\/#website","url":"https:\/\/dimesis.dk\/","name":"Dimesis","description":"Mobildiskotek | Radio | Speak","publisher":{"@id":"https:\/\/dimesis.dk\/#organization"},"potentialAction":[{"@type":"SearchAction","target":{"@type":"EntryPoint","urlTemplate":"https:\/\/dimesis.dk\/?s={search_term_string}"},"query-input":{"@type":"PropertyValueSpecification","valueRequired":true,"valueName":"search_term_string"}}],"inLanguage":"da-DK"},{"@type":"Organization","@id":"https:\/\/dimesis.dk\/#organization","name":"Dimesis","url":"https:\/\/dimesis.dk\/","logo":{"@type":"ImageObject","inLanguage":"da-DK","@id":"https:\/\/dimesis.dk\/#\/schema\/logo\/image\/","url":"https:\/\/dimesis.dk\/wp-content\/uploads\/2020\/01\/DimesisLogo512x512px.png","contentUrl":"https:\/\/dimesis.dk\/wp-content\/uploads\/2020\/01\/DimesisLogo512x512px.png","width":512,"height":512,"caption":"Dimesis"},"image":{"@id":"https:\/\/dimesis.dk\/#\/schema\/logo\/image\/"}}]}},"_links":{"self":[{"href":"https:\/\/dimesis.dk\/index.php\/wp-json\/wp\/v2\/pages\/165","targetHints":{"allow":["GET"]}}],"collection":[{"href":"https:\/\/dimesis.dk\/index.php\/wp-json\/wp\/v2\/pages"}],"about":[{"href":"https:\/\/dimesis.dk\/index.php\/wp-json\/wp\/v2\/types\/page"}],"author":[{"embeddable":true,"href":"https:\/\/dimesis.dk\/index.php\/wp-json\/wp\/v2\/users\/1"}],"replies":[{"embeddable":true,"href":"https:\/\/dimesis.dk\/index.php\/wp-json\/wp\/v2\/comments?post=165"}],"version-history":[{"count":22,"href":"https:\/\/dimesis.dk\/index.php\/wp-json\/wp\/v2\/pages\/165\/revisions"}],"predecessor-version":[{"id":568,"href":"https:\/\/dimesis.dk\/index.php\/wp-json\/wp\/v2\/pages\/165\/revisions\/568"}],"wp:attachment":[{"href":"https:\/\/dimesis.dk\/index.php\/wp-json\/wp\/v2\/media?parent=165"}],"curies":[{"name":"wp","href":"https:\/\/api.w.org\/{rel}","templated":true}]}}