{"id":172,"date":"2020-06-22T08:03:00","date_gmt":"2020-06-22T08:03:00","guid":{"rendered":"https:\/\/dimesis.dk\/?page_id=172"},"modified":"2020-10-28T23:18:43","modified_gmt":"2020-10-28T23:18:43","slug":"speak","status":"publish","type":"page","link":"https:\/\/dimesis.dk\/index.php\/speak\/","title":{"rendered":"Speak"},"content":{"rendered":"\n<h2 class=\"wp-block-heading\">Speak til alle form\u00e5l<\/h2>\n\n\n\n<p>Dimesis kan levere speak til alle form\u00e5l &#8211; fx multimediepr\u00e6sentationer, lydb\u00f8ger og diverse former for reklamer. Vi hj\u00e6lper ogs\u00e5 gerne med at bearbejde dit budskab eller din pr\u00e6sentation sprogligt, s\u00e5 de vigtigste pointer fremst\u00e5r klare og tydelige.<\/p>\n\n\n\n<h2 class=\"wp-block-heading\">Speakere og demoer<\/h2>\n\n\n\n<p>Herunder kan du h\u00f8re demoer fra de speakere, Dimesis kan tilbyde til dine projekter.<\/p>\n\n\n\n<iframe loading=\"lazy\" width=\"100%\" height=\"166\" scrolling=\"no\" frameborder=\"no\" allow=\"autoplay\" src=\"https:\/\/w.soundcloud.com\/player\/?url=https%3A\/\/api.soundcloud.com\/tracks\/844581802&amp;color=%23ff5500&amp;auto_play=false&amp;hide_related=false&amp;show_comments=true&amp;show_user=true&amp;show_reposts=false&amp;show_teaser=true\"><\/iframe><div style=\"font-size: 10px; color: #cccccc;line-break: anywhere;word-break: normal;overflow: hidden;white-space: nowrap;text-overflow: ellipsis; font-family: Interstate,Lucida Grande,Lucida Sans Unicode,Lucida Sans,Garuda,Verdana,Tahoma,sans-serif;font-weight: 100;\"><a href=\"https:\/\/soundcloud.com\/user-95162190\" title=\"Dimesis Speak\" target=\"_blank\" style=\"color: #cccccc; text-decoration: none;\" rel=\"noopener noreferrer\">Dimesis Speak<\/a> \u00b7 <a href=\"https:\/\/soundcloud.com\/user-95162190\/demo-bogoplaesning\" title=\"Demo bogopl\u00e6sning - Mikkel Steen \u00d8stervig\" target=\"_blank\" style=\"color: #cccccc; text-decoration: none;\" rel=\"noopener noreferrer\">Demo bogopl\u00e6sning &#8211; Mikkel Steen \u00d8stervig<\/a><\/div>\n\n\n\n<iframe loading=\"lazy\" width=\"100%\" height=\"166\" scrolling=\"no\" frameborder=\"no\" allow=\"autoplay\" src=\"https:\/\/w.soundcloud.com\/player\/?url=https%3A\/\/api.soundcloud.com\/tracks\/919294918&#038;color=%23ff5500&#038;auto_play=false&#038;hide_related=false&#038;show_comments=true&#038;show_user=true&#038;show_reposts=false&#038;show_teaser=true\"><\/iframe><div style=\"font-size: 10px; color: #cccccc;line-break: anywhere;word-break: normal;overflow: hidden;white-space: nowrap;text-overflow: ellipsis; font-family: Interstate,Lucida Grande,Lucida Sans Unicode,Lucida Sans,Garuda,Verdana,Tahoma,sans-serif;font-weight: 100;\"><a href=\"https:\/\/soundcloud.com\/user-95162190\" title=\"Dimesis Speak\" target=\"_blank\" style=\"color: #cccccc; text-decoration: none;\" rel=\"noopener noreferrer\">Dimesis Speak<\/a> \u00b7 <a href=\"https:\/\/soundcloud.com\/user-95162190\/e-learning-demo\" title=\"E - Learning Demo - Mikkel Steen \u00d8stervig\" target=\"_blank\" style=\"color: #cccccc; text-decoration: none;\" rel=\"noopener noreferrer\">E &#8211; Learning Demo &#8211; Mikkel Steen \u00d8stervig<\/a><\/div>\n","protected":false},"excerpt":{"rendered":"<p>Speak til alle form\u00e5l Dimesis kan levere speak til alle form\u00e5l &#8211; fx multimediepr\u00e6sentationer, lydb\u00f8ger og diverse former for reklamer. Vi hj\u00e6lper ogs\u00e5 gerne med at bearbejde dit budskab eller din pr\u00e6sentation sprogligt, s\u00e5 de vigtigste pointer fremst\u00e5r klare og tydelige. Speakere og demoer Herunder kan du h\u00f8re demoer fra de speakere, Dimesis kan tilbyde &hellip; <\/p>\n<p class=\"link-more\"><a href=\"https:\/\/dimesis.dk\/index.php\/speak\/\" class=\"more-link\">L\u00e6s videre<span class=\"screen-reader-text\"> &#8220;Speak&#8221;<\/span><\/a><\/p>\n","protected":false},"author":1,"featured_media":0,"parent":0,"menu_order":0,"comment_status":"closed","ping_status":"closed","template":"","meta":{"footnotes":""},"class_list":["post-172","page","type-page","status-publish","hentry"],"yoast_head":"<!-- This site is optimized with the Yoast SEO plugin v26.6 - https:\/\/yoast.com\/wordpress\/plugins\/seo\/ -->\n<title>Speak - Dimesis<\/title>\n<meta name=\"description\" content=\"Dimesis kan levere professionel speak til alle form\u00e5l - multimediepr\u00e6sentationer, videoer, lydb\u00f8ger og reklamer. H\u00f8r demoer og f\u00e5 et tilbud p\u00e5 din opgave.\" \/>\n<meta name=\"robots\" content=\"index, follow, max-snippet:-1, max-image-preview:large, max-video-preview:-1\" \/>\n<link rel=\"canonical\" href=\"https:\/\/dimesis.dk\/index.php\/speak\/\" \/>\n<meta property=\"og:locale\" content=\"da_DK\" \/>\n<meta property=\"og:type\" content=\"article\" \/>\n<meta property=\"og:title\" content=\"Speak - Dimesis\" \/>\n<meta property=\"og:description\" content=\"Dimesis kan levere professionel speak til alle form\u00e5l - multimediepr\u00e6sentationer, videoer, lydb\u00f8ger og reklamer. H\u00f8r demoer og f\u00e5 et tilbud p\u00e5 din opgave.\" \/>\n<meta property=\"og:url\" content=\"https:\/\/dimesis.dk\/index.php\/speak\/\" \/>\n<meta property=\"og:site_name\" content=\"Dimesis\" \/>\n<meta property=\"article:modified_time\" content=\"2020-10-28T23:18:43+00:00\" \/>\n<meta name=\"twitter:card\" content=\"summary_large_image\" \/>\n<script type=\"application\/ld+json\" class=\"yoast-schema-graph\">{\"@context\":\"https:\/\/schema.org\",\"@graph\":[{\"@type\":\"WebPage\",\"@id\":\"https:\/\/dimesis.dk\/index.php\/speak\/\",\"url\":\"https:\/\/dimesis.dk\/index.php\/speak\/\",\"name\":\"Speak - Dimesis\",\"isPartOf\":{\"@id\":\"https:\/\/dimesis.dk\/#website\"},\"datePublished\":\"2020-06-22T08:03:00+00:00\",\"dateModified\":\"2020-10-28T23:18:43+00:00\",\"description\":\"Dimesis kan levere professionel speak til alle form\u00e5l - multimediepr\u00e6sentationer, videoer, lydb\u00f8ger og reklamer. H\u00f8r demoer og f\u00e5 et tilbud p\u00e5 din opgave.\",\"breadcrumb\":{\"@id\":\"https:\/\/dimesis.dk\/index.php\/speak\/#breadcrumb\"},\"inLanguage\":\"da-DK\",\"potentialAction\":[{\"@type\":\"ReadAction\",\"target\":[\"https:\/\/dimesis.dk\/index.php\/speak\/\"]}]},{\"@type\":\"BreadcrumbList\",\"@id\":\"https:\/\/dimesis.dk\/index.php\/speak\/#breadcrumb\",\"itemListElement\":[{\"@type\":\"ListItem\",\"position\":1,\"name\":\"Hjem\",\"item\":\"https:\/\/dimesis.dk\/\"},{\"@type\":\"ListItem\",\"position\":2,\"name\":\"Speak\"}]},{\"@type\":\"WebSite\",\"@id\":\"https:\/\/dimesis.dk\/#website\",\"url\":\"https:\/\/dimesis.dk\/\",\"name\":\"Dimesis\",\"description\":\"Mobildiskotek | Radio | Speak\",\"publisher\":{\"@id\":\"https:\/\/dimesis.dk\/#organization\"},\"potentialAction\":[{\"@type\":\"SearchAction\",\"target\":{\"@type\":\"EntryPoint\",\"urlTemplate\":\"https:\/\/dimesis.dk\/?s={search_term_string}\"},\"query-input\":{\"@type\":\"PropertyValueSpecification\",\"valueRequired\":true,\"valueName\":\"search_term_string\"}}],\"inLanguage\":\"da-DK\"},{\"@type\":\"Organization\",\"@id\":\"https:\/\/dimesis.dk\/#organization\",\"name\":\"Dimesis\",\"url\":\"https:\/\/dimesis.dk\/\",\"logo\":{\"@type\":\"ImageObject\",\"inLanguage\":\"da-DK\",\"@id\":\"https:\/\/dimesis.dk\/#\/schema\/logo\/image\/\",\"url\":\"https:\/\/dimesis.dk\/wp-content\/uploads\/2020\/01\/DimesisLogo512x512px.png\",\"contentUrl\":\"https:\/\/dimesis.dk\/wp-content\/uploads\/2020\/01\/DimesisLogo512x512px.png\",\"width\":512,\"height\":512,\"caption\":\"Dimesis\"},\"image\":{\"@id\":\"https:\/\/dimesis.dk\/#\/schema\/logo\/image\/\"}}]}<\/script>\n<!-- \/ Yoast SEO plugin. -->","yoast_head_json":{"title":"Speak - Dimesis","description":"Dimesis kan levere professionel speak til alle form\u00e5l - multimediepr\u00e6sentationer, videoer, lydb\u00f8ger og reklamer. H\u00f8r demoer og f\u00e5 et tilbud p\u00e5 din opgave.","robots":{"index":"index","follow":"follow","max-snippet":"max-snippet:-1","max-image-preview":"max-image-preview:large","max-video-preview":"max-video-preview:-1"},"canonical":"https:\/\/dimesis.dk\/index.php\/speak\/","og_locale":"da_DK","og_type":"article","og_title":"Speak - Dimesis","og_description":"Dimesis kan levere professionel speak til alle form\u00e5l - multimediepr\u00e6sentationer, videoer, lydb\u00f8ger og reklamer. H\u00f8r demoer og f\u00e5 et tilbud p\u00e5 din opgave.","og_url":"https:\/\/dimesis.dk\/index.php\/speak\/","og_site_name":"Dimesis","article_modified_time":"2020-10-28T23:18:43+00:00","twitter_card":"summary_large_image","schema":{"@context":"https:\/\/schema.org","@graph":[{"@type":"WebPage","@id":"https:\/\/dimesis.dk\/index.php\/speak\/","url":"https:\/\/dimesis.dk\/index.php\/speak\/","name":"Speak - Dimesis","isPartOf":{"@id":"https:\/\/dimesis.dk\/#website"},"datePublished":"2020-06-22T08:03:00+00:00","dateModified":"2020-10-28T23:18:43+00:00","description":"Dimesis kan levere professionel speak til alle form\u00e5l - multimediepr\u00e6sentationer, videoer, lydb\u00f8ger og reklamer. H\u00f8r demoer og f\u00e5 et tilbud p\u00e5 din opgave.","breadcrumb":{"@id":"https:\/\/dimesis.dk\/index.php\/speak\/#breadcrumb"},"inLanguage":"da-DK","potentialAction":[{"@type":"ReadAction","target":["https:\/\/dimesis.dk\/index.php\/speak\/"]}]},{"@type":"BreadcrumbList","@id":"https:\/\/dimesis.dk\/index.php\/speak\/#breadcrumb","itemListElement":[{"@type":"ListItem","position":1,"name":"Hjem","item":"https:\/\/dimesis.dk\/"},{"@type":"ListItem","position":2,"name":"Speak"}]},{"@type":"WebSite","@id":"https:\/\/dimesis.dk\/#website","url":"https:\/\/dimesis.dk\/","name":"Dimesis","description":"Mobildiskotek | Radio | Speak","publisher":{"@id":"https:\/\/dimesis.dk\/#organization"},"potentialAction":[{"@type":"SearchAction","target":{"@type":"EntryPoint","urlTemplate":"https:\/\/dimesis.dk\/?s={search_term_string}"},"query-input":{"@type":"PropertyValueSpecification","valueRequired":true,"valueName":"search_term_string"}}],"inLanguage":"da-DK"},{"@type":"Organization","@id":"https:\/\/dimesis.dk\/#organization","name":"Dimesis","url":"https:\/\/dimesis.dk\/","logo":{"@type":"ImageObject","inLanguage":"da-DK","@id":"https:\/\/dimesis.dk\/#\/schema\/logo\/image\/","url":"https:\/\/dimesis.dk\/wp-content\/uploads\/2020\/01\/DimesisLogo512x512px.png","contentUrl":"https:\/\/dimesis.dk\/wp-content\/uploads\/2020\/01\/DimesisLogo512x512px.png","width":512,"height":512,"caption":"Dimesis"},"image":{"@id":"https:\/\/dimesis.dk\/#\/schema\/logo\/image\/"}}]}},"_links":{"self":[{"href":"https:\/\/dimesis.dk\/index.php\/wp-json\/wp\/v2\/pages\/172","targetHints":{"allow":["GET"]}}],"collection":[{"href":"https:\/\/dimesis.dk\/index.php\/wp-json\/wp\/v2\/pages"}],"about":[{"href":"https:\/\/dimesis.dk\/index.php\/wp-json\/wp\/v2\/types\/page"}],"author":[{"embeddable":true,"href":"https:\/\/dimesis.dk\/index.php\/wp-json\/wp\/v2\/users\/1"}],"replies":[{"embeddable":true,"href":"https:\/\/dimesis.dk\/index.php\/wp-json\/wp\/v2\/comments?post=172"}],"version-history":[{"count":10,"href":"https:\/\/dimesis.dk\/index.php\/wp-json\/wp\/v2\/pages\/172\/revisions"}],"predecessor-version":[{"id":237,"href":"https:\/\/dimesis.dk\/index.php\/wp-json\/wp\/v2\/pages\/172\/revisions\/237"}],"wp:attachment":[{"href":"https:\/\/dimesis.dk\/index.php\/wp-json\/wp\/v2\/media?parent=172"}],"curies":[{"name":"wp","href":"https:\/\/api.w.org\/{rel}","templated":true}]}}