{"id":35,"date":"2020-01-13T14:15:58","date_gmt":"2020-01-13T14:15:58","guid":{"rendered":"https:\/\/dimesis.dk\/?page_id=35"},"modified":"2024-01-21T23:24:23","modified_gmt":"2024-01-21T22:24:23","slug":"dimesis-i-s","status":"publish","type":"page","link":"https:\/\/dimesis.dk\/","title":{"rendered":"Dimesis I\/S"},"content":{"rendered":"\n<h2 class=\"wp-block-heading\">Underholdning? Det kan vi hj\u00e6lpe dig med!<\/h2>\n\n\n\n<p>Dimesis I\/S er din professionelle nordjyske leverand\u00f8r af <a href=\"https:\/\/dimesis.dk\/index.php\/mobildiskotek\/\">mobildiskotek<\/a>, <a href=\"https:\/\/dimesis.dk\/index.php\/radio\/\">radio<\/a> og <a href=\"https:\/\/dimesis.dk\/index.php\/speak\/\">speak<\/a>. Vi har mange \u00e5rs erfaring i medie- og underholdningsbranchen og s\u00f8rger for, at du altid f\u00e5r det rigtige produkt til aftalt tid og pris.<\/p>\n\n\n\n<h2 class=\"wp-block-heading\">Prim\u00e6re arbejdsomr\u00e5der for Dimesis I\/S<\/h2>\n\n\n\n<h3 class=\"wp-block-heading\">Musik og underholdning<\/h3>\n\n\n\n<div class=\"wp-block-media-text is-stacked-on-mobile\" style=\"grid-template-columns:36% auto\"><figure class=\"wp-block-media-text__media\"><a href=\"https:\/\/dimesis.dk\/index.php\/mobildiskotek\/\"><img loading=\"lazy\" decoding=\"async\" width=\"1024\" height=\"579\" src=\"https:\/\/dimesis.dk\/wp-content\/uploads\/2024\/01\/Hjoernet-Dronninglund-2023-1024x579.jpg\" alt=\"Diskotek Dimesis p\u00e5 Hj\u00f8rnet i Dronninglund.\" class=\"wp-image-463 size-full\" srcset=\"https:\/\/dimesis.dk\/wp-content\/uploads\/2024\/01\/Hjoernet-Dronninglund-2023-1024x579.jpg 1024w, https:\/\/dimesis.dk\/wp-content\/uploads\/2024\/01\/Hjoernet-Dronninglund-2023-300x170.jpg 300w, https:\/\/dimesis.dk\/wp-content\/uploads\/2024\/01\/Hjoernet-Dronninglund-2023-768x435.jpg 768w, https:\/\/dimesis.dk\/wp-content\/uploads\/2024\/01\/Hjoernet-Dronninglund-2023-1536x869.jpg 1536w, https:\/\/dimesis.dk\/wp-content\/uploads\/2024\/01\/Hjoernet-Dronninglund-2023-2048x1159.jpg 2048w\" sizes=\"auto, (max-width: 767px) 89vw, (max-width: 1000px) 54vw, (max-width: 1071px) 543px, 580px\" \/><\/a><\/figure><div class=\"wp-block-media-text__content\">\n<p>Skal du holde dit livs fest, et firmaarrangement eller et event, hvor du har brug for DJ, musik, lyd eller lys &#8211; eller m\u00e5ske det hele? <\/p>\n\n\n\n<p>S\u00e5 kan vores mobildiskotek, <a href=\"https:\/\/dimesis.dk\/index.php\/mobildiskotek\/\">Diskotek Dimesis<\/a> hj\u00e6lpe dig.<\/p>\n<\/div><\/div>\n\n\n\n<h3 class=\"wp-block-heading\">Radioudsendelser<\/h3>\n\n\n\n<div class=\"wp-block-media-text is-stacked-on-mobile\" style=\"grid-template-columns:36% auto\"><figure class=\"wp-block-media-text__media\"><a href=\"https:\/\/dimesis.dk\/index.php\/radio\/\"><img loading=\"lazy\" decoding=\"async\" width=\"1024\" height=\"768\" src=\"https:\/\/dimesis.dk\/wp-content\/uploads\/2020\/01\/20180826_050443095_iOS-1024x768.jpg\" alt=\"&quot;Mic Live&quot;-skilt uden for radiostudie, der lyser r\u00f8dt.\" class=\"wp-image-49 size-full\" srcset=\"https:\/\/dimesis.dk\/wp-content\/uploads\/2020\/01\/20180826_050443095_iOS-1024x768.jpg 1024w, https:\/\/dimesis.dk\/wp-content\/uploads\/2020\/01\/20180826_050443095_iOS-300x225.jpg 300w, https:\/\/dimesis.dk\/wp-content\/uploads\/2020\/01\/20180826_050443095_iOS-768x576.jpg 768w, https:\/\/dimesis.dk\/wp-content\/uploads\/2020\/01\/20180826_050443095_iOS-1536x1152.jpg 1536w, https:\/\/dimesis.dk\/wp-content\/uploads\/2020\/01\/20180826_050443095_iOS-2048x1536.jpg 2048w\" sizes=\"auto, (max-width: 767px) 89vw, (max-width: 1000px) 54vw, (max-width: 1071px) 543px, 580px\" \/><\/a><\/figure><div class=\"wp-block-media-text__content\">\n<p>Gode radiov\u00e6rter h\u00e6nger ikke p\u00e5 tr\u00e6erne, men vi har en. F\u00e5 hj\u00e6lp til at f\u00e5 vagtplanen p\u00e5 din radio til h\u00e6nge sammen. <\/p>\n\n\n\n<p>Vi kan levere udsendelser fra vores studie og er vant til at arbejde med de mest g\u00e6ngse afviklingssystemer i branchen.<\/p>\n<\/div><\/div>\n\n\n\n<h3 class=\"wp-block-heading\">Speak<\/h3>\n\n\n\n<div class=\"wp-block-media-text is-stacked-on-mobile\" style=\"grid-template-columns:36% auto\"><figure class=\"wp-block-media-text__media\"><a href=\"https:\/\/dimesis.dk\/index.php\/speak\/\"><img loading=\"lazy\" decoding=\"async\" width=\"600\" height=\"315\" src=\"https:\/\/dimesis.dk\/wp-content\/uploads\/2024\/01\/ShureSM7B.png\" alt=\"Shure SM7B\" class=\"wp-image-486 size-full\" srcset=\"https:\/\/dimesis.dk\/wp-content\/uploads\/2024\/01\/ShureSM7B.png 600w, https:\/\/dimesis.dk\/wp-content\/uploads\/2024\/01\/ShureSM7B-300x158.png 300w\" sizes=\"auto, (max-width: 600px) 100vw, 600px\" \/><\/a><\/figure><div class=\"wp-block-media-text__content\">\n<p>Dit budskab st\u00e5r st\u00e6rkere, n\u00e5r det bliver formidlet af en dygtig speaker. <\/p>\n\n\n\n<p>Brug vores kompetencer til at l\u00f8fte dine pr\u00e6sentationer, medieindhold eller reklamer til et nyt niveau.<\/p>\n<\/div><\/div>\n\n\n\n<h2 class=\"wp-block-heading\">Om Dimesis I\/S<\/h2>\n\n\n\n<p>Firmaet blev stiftet i 2016 af Ditte-Marie \u00d8stervig og Mikkel Steen \u00d8stervig, der sammen driver virksomheden.<\/p>\n","protected":false},"excerpt":{"rendered":"<p>Underholdning? Det kan vi hj\u00e6lpe dig med! Dimesis I\/S er din professionelle nordjyske leverand\u00f8r af mobildiskotek, radio og speak. Vi har mange \u00e5rs erfaring i medie- og underholdningsbranchen og s\u00f8rger for, at du altid f\u00e5r det rigtige produkt til aftalt tid og pris. Prim\u00e6re arbejdsomr\u00e5der for Dimesis I\/S Musik og underholdning Skal du holde dit &hellip; <\/p>\n<p class=\"link-more\"><a href=\"https:\/\/dimesis.dk\/\" class=\"more-link\">L\u00e6s videre<span class=\"screen-reader-text\"> &#8220;Dimesis I\/S&#8221;<\/span><\/a><\/p>\n","protected":false},"author":1,"featured_media":0,"parent":0,"menu_order":0,"comment_status":"closed","ping_status":"closed","template":"","meta":{"footnotes":""},"class_list":["post-35","page","type-page","status-publish","hentry"],"yoast_head":"<!-- This site is optimized with the Yoast SEO plugin v26.6 - https:\/\/yoast.com\/wordpress\/plugins\/seo\/ -->\n<title>Dimesis I\/S - Dimesis<\/title>\n<meta name=\"description\" content=\"Dimesis I\/S er din professionelle leverand\u00f8r af mobildiskotek, radioudsendelser og speak. Vi har hjemme i Vodskov i Nordjylland.\" \/>\n<meta name=\"robots\" content=\"index, follow, max-snippet:-1, max-image-preview:large, max-video-preview:-1\" \/>\n<link rel=\"canonical\" href=\"https:\/\/dimesis.dk\/\" \/>\n<meta property=\"og:locale\" content=\"da_DK\" \/>\n<meta property=\"og:type\" content=\"article\" \/>\n<meta property=\"og:title\" content=\"Dimesis I\/S - Dimesis\" \/>\n<meta property=\"og:description\" content=\"Dimesis I\/S er din professionelle leverand\u00f8r af mobildiskotek, radioudsendelser og speak. Vi har hjemme i Vodskov i Nordjylland.\" \/>\n<meta property=\"og:url\" content=\"https:\/\/dimesis.dk\/\" \/>\n<meta property=\"og:site_name\" content=\"Dimesis\" \/>\n<meta property=\"article:modified_time\" content=\"2024-01-21T22:24:23+00:00\" \/>\n<meta property=\"og:image\" content=\"https:\/\/dimesis.dk\/wp-content\/uploads\/2024\/01\/Hjoernet-Dronninglund-2023-1024x579.jpg\" \/>\n<meta name=\"twitter:card\" content=\"summary_large_image\" \/>\n<meta name=\"twitter:label1\" content=\"Estimeret l\u00e6setid\" \/>\n\t<meta name=\"twitter:data1\" content=\"2 minutter\" \/>\n<script type=\"application\/ld+json\" class=\"yoast-schema-graph\">{\"@context\":\"https:\/\/schema.org\",\"@graph\":[{\"@type\":\"WebPage\",\"@id\":\"https:\/\/dimesis.dk\/\",\"url\":\"https:\/\/dimesis.dk\/\",\"name\":\"Dimesis I\/S - Dimesis\",\"isPartOf\":{\"@id\":\"https:\/\/dimesis.dk\/#website\"},\"primaryImageOfPage\":{\"@id\":\"https:\/\/dimesis.dk\/#primaryimage\"},\"image\":{\"@id\":\"https:\/\/dimesis.dk\/#primaryimage\"},\"thumbnailUrl\":\"https:\/\/dimesis.dk\/wp-content\/uploads\/2024\/01\/Hjoernet-Dronninglund-2023-1024x579.jpg\",\"datePublished\":\"2020-01-13T14:15:58+00:00\",\"dateModified\":\"2024-01-21T22:24:23+00:00\",\"description\":\"Dimesis I\/S er din professionelle leverand\u00f8r af mobildiskotek, radioudsendelser og speak. Vi har hjemme i Vodskov i Nordjylland.\",\"breadcrumb\":{\"@id\":\"https:\/\/dimesis.dk\/#breadcrumb\"},\"inLanguage\":\"da-DK\",\"potentialAction\":[{\"@type\":\"ReadAction\",\"target\":[\"https:\/\/dimesis.dk\/\"]}]},{\"@type\":\"ImageObject\",\"inLanguage\":\"da-DK\",\"@id\":\"https:\/\/dimesis.dk\/#primaryimage\",\"url\":\"https:\/\/dimesis.dk\/wp-content\/uploads\/2024\/01\/Hjoernet-Dronninglund-2023.jpg\",\"contentUrl\":\"https:\/\/dimesis.dk\/wp-content\/uploads\/2024\/01\/Hjoernet-Dronninglund-2023.jpg\",\"width\":2545,\"height\":1440,\"caption\":\"Diskotek Dimesis p\u00e5 Hj\u00f8rnet i Dronninglund.\"},{\"@type\":\"BreadcrumbList\",\"@id\":\"https:\/\/dimesis.dk\/#breadcrumb\",\"itemListElement\":[{\"@type\":\"ListItem\",\"position\":1,\"name\":\"Hjem\",\"item\":\"https:\/\/dimesis.dk\/\"},{\"@type\":\"ListItem\",\"position\":2,\"name\":\"Dimesis I\/S\"}]},{\"@type\":\"WebSite\",\"@id\":\"https:\/\/dimesis.dk\/#website\",\"url\":\"https:\/\/dimesis.dk\/\",\"name\":\"Dimesis\",\"description\":\"Mobildiskotek | Radio | Speak\",\"publisher\":{\"@id\":\"https:\/\/dimesis.dk\/#organization\"},\"potentialAction\":[{\"@type\":\"SearchAction\",\"target\":{\"@type\":\"EntryPoint\",\"urlTemplate\":\"https:\/\/dimesis.dk\/?s={search_term_string}\"},\"query-input\":{\"@type\":\"PropertyValueSpecification\",\"valueRequired\":true,\"valueName\":\"search_term_string\"}}],\"inLanguage\":\"da-DK\"},{\"@type\":\"Organization\",\"@id\":\"https:\/\/dimesis.dk\/#organization\",\"name\":\"Dimesis\",\"url\":\"https:\/\/dimesis.dk\/\",\"logo\":{\"@type\":\"ImageObject\",\"inLanguage\":\"da-DK\",\"@id\":\"https:\/\/dimesis.dk\/#\/schema\/logo\/image\/\",\"url\":\"https:\/\/dimesis.dk\/wp-content\/uploads\/2020\/01\/DimesisLogo512x512px.png\",\"contentUrl\":\"https:\/\/dimesis.dk\/wp-content\/uploads\/2020\/01\/DimesisLogo512x512px.png\",\"width\":512,\"height\":512,\"caption\":\"Dimesis\"},\"image\":{\"@id\":\"https:\/\/dimesis.dk\/#\/schema\/logo\/image\/\"}}]}<\/script>\n<!-- \/ Yoast SEO plugin. -->","yoast_head_json":{"title":"Dimesis I\/S - Dimesis","description":"Dimesis I\/S er din professionelle leverand\u00f8r af mobildiskotek, radioudsendelser og speak. Vi har hjemme i Vodskov i Nordjylland.","robots":{"index":"index","follow":"follow","max-snippet":"max-snippet:-1","max-image-preview":"max-image-preview:large","max-video-preview":"max-video-preview:-1"},"canonical":"https:\/\/dimesis.dk\/","og_locale":"da_DK","og_type":"article","og_title":"Dimesis I\/S - Dimesis","og_description":"Dimesis I\/S er din professionelle leverand\u00f8r af mobildiskotek, radioudsendelser og speak. Vi har hjemme i Vodskov i Nordjylland.","og_url":"https:\/\/dimesis.dk\/","og_site_name":"Dimesis","article_modified_time":"2024-01-21T22:24:23+00:00","og_image":[{"url":"https:\/\/dimesis.dk\/wp-content\/uploads\/2024\/01\/Hjoernet-Dronninglund-2023-1024x579.jpg","type":"","width":"","height":""}],"twitter_card":"summary_large_image","twitter_misc":{"Estimeret l\u00e6setid":"2 minutter"},"schema":{"@context":"https:\/\/schema.org","@graph":[{"@type":"WebPage","@id":"https:\/\/dimesis.dk\/","url":"https:\/\/dimesis.dk\/","name":"Dimesis I\/S - Dimesis","isPartOf":{"@id":"https:\/\/dimesis.dk\/#website"},"primaryImageOfPage":{"@id":"https:\/\/dimesis.dk\/#primaryimage"},"image":{"@id":"https:\/\/dimesis.dk\/#primaryimage"},"thumbnailUrl":"https:\/\/dimesis.dk\/wp-content\/uploads\/2024\/01\/Hjoernet-Dronninglund-2023-1024x579.jpg","datePublished":"2020-01-13T14:15:58+00:00","dateModified":"2024-01-21T22:24:23+00:00","description":"Dimesis I\/S er din professionelle leverand\u00f8r af mobildiskotek, radioudsendelser og speak. Vi har hjemme i Vodskov i Nordjylland.","breadcrumb":{"@id":"https:\/\/dimesis.dk\/#breadcrumb"},"inLanguage":"da-DK","potentialAction":[{"@type":"ReadAction","target":["https:\/\/dimesis.dk\/"]}]},{"@type":"ImageObject","inLanguage":"da-DK","@id":"https:\/\/dimesis.dk\/#primaryimage","url":"https:\/\/dimesis.dk\/wp-content\/uploads\/2024\/01\/Hjoernet-Dronninglund-2023.jpg","contentUrl":"https:\/\/dimesis.dk\/wp-content\/uploads\/2024\/01\/Hjoernet-Dronninglund-2023.jpg","width":2545,"height":1440,"caption":"Diskotek Dimesis p\u00e5 Hj\u00f8rnet i Dronninglund."},{"@type":"BreadcrumbList","@id":"https:\/\/dimesis.dk\/#breadcrumb","itemListElement":[{"@type":"ListItem","position":1,"name":"Hjem","item":"https:\/\/dimesis.dk\/"},{"@type":"ListItem","position":2,"name":"Dimesis I\/S"}]},{"@type":"WebSite","@id":"https:\/\/dimesis.dk\/#website","url":"https:\/\/dimesis.dk\/","name":"Dimesis","description":"Mobildiskotek | Radio | Speak","publisher":{"@id":"https:\/\/dimesis.dk\/#organization"},"potentialAction":[{"@type":"SearchAction","target":{"@type":"EntryPoint","urlTemplate":"https:\/\/dimesis.dk\/?s={search_term_string}"},"query-input":{"@type":"PropertyValueSpecification","valueRequired":true,"valueName":"search_term_string"}}],"inLanguage":"da-DK"},{"@type":"Organization","@id":"https:\/\/dimesis.dk\/#organization","name":"Dimesis","url":"https:\/\/dimesis.dk\/","logo":{"@type":"ImageObject","inLanguage":"da-DK","@id":"https:\/\/dimesis.dk\/#\/schema\/logo\/image\/","url":"https:\/\/dimesis.dk\/wp-content\/uploads\/2020\/01\/DimesisLogo512x512px.png","contentUrl":"https:\/\/dimesis.dk\/wp-content\/uploads\/2020\/01\/DimesisLogo512x512px.png","width":512,"height":512,"caption":"Dimesis"},"image":{"@id":"https:\/\/dimesis.dk\/#\/schema\/logo\/image\/"}}]}},"_links":{"self":[{"href":"https:\/\/dimesis.dk\/index.php\/wp-json\/wp\/v2\/pages\/35","targetHints":{"allow":["GET"]}}],"collection":[{"href":"https:\/\/dimesis.dk\/index.php\/wp-json\/wp\/v2\/pages"}],"about":[{"href":"https:\/\/dimesis.dk\/index.php\/wp-json\/wp\/v2\/types\/page"}],"author":[{"embeddable":true,"href":"https:\/\/dimesis.dk\/index.php\/wp-json\/wp\/v2\/users\/1"}],"replies":[{"embeddable":true,"href":"https:\/\/dimesis.dk\/index.php\/wp-json\/wp\/v2\/comments?post=35"}],"version-history":[{"count":24,"href":"https:\/\/dimesis.dk\/index.php\/wp-json\/wp\/v2\/pages\/35\/revisions"}],"predecessor-version":[{"id":493,"href":"https:\/\/dimesis.dk\/index.php\/wp-json\/wp\/v2\/pages\/35\/revisions\/493"}],"wp:attachment":[{"href":"https:\/\/dimesis.dk\/index.php\/wp-json\/wp\/v2\/media?parent=35"}],"curies":[{"name":"wp","href":"https:\/\/api.w.org\/{rel}","templated":true}]}}