{"id":73,"date":"2020-01-14T12:55:38","date_gmt":"2020-01-14T12:55:38","guid":{"rendered":"https:\/\/dimesis.dk\/?page_id=73"},"modified":"2024-01-21T23:56:33","modified_gmt":"2024-01-21T22:56:33","slug":"dj-mikkel-steen-oestervig","status":"publish","type":"page","link":"https:\/\/dimesis.dk\/index.php\/dj-mikkel-steen-oestervig\/","title":{"rendered":"DJ Mikkel Steen \u00d8stervig"},"content":{"rendered":"\n<figure class=\"wp-block-image size-large\"><img loading=\"lazy\" decoding=\"async\" width=\"1024\" height=\"768\" src=\"https:\/\/dimesis.dk\/wp-content\/uploads\/2021\/10\/20211002_225045667_iOS-1024x768.jpg\" alt=\"DJ Mikkel Steen \u00d8stervig i DJ-pulten.\" class=\"wp-image-266\" srcset=\"https:\/\/dimesis.dk\/wp-content\/uploads\/2021\/10\/20211002_225045667_iOS-1024x768.jpg 1024w, https:\/\/dimesis.dk\/wp-content\/uploads\/2021\/10\/20211002_225045667_iOS-300x225.jpg 300w, https:\/\/dimesis.dk\/wp-content\/uploads\/2021\/10\/20211002_225045667_iOS-768x576.jpg 768w, https:\/\/dimesis.dk\/wp-content\/uploads\/2021\/10\/20211002_225045667_iOS-1536x1152.jpg 1536w, https:\/\/dimesis.dk\/wp-content\/uploads\/2021\/10\/20211002_225045667_iOS-2048x1536.jpg 2048w\" sizes=\"auto, (max-width: 767px) 89vw, (max-width: 1000px) 54vw, (max-width: 1071px) 543px, 580px\" \/><\/figure>\n\n\n\n<h2 class=\"wp-block-heading\">Mange \u00e5rs erfaring bag DJ-pulten<\/h2>\n\n\n\n<p>DJ Mikkel Steen \u00d8stervig er en af de mest erfarne DJs i Nordjylland. Han har en b\u00e5de bred og dyb musikviden og -interesse og en omfattende erfaring med at spille til fester for mange forskellige aldersgrupper p\u00e5 samme tid, s\u00e5 alle fester sammen.<\/p>\n\n\n\n<p>Mikkel har spillet som DJ til hundredvis af fester i sin karriere. Helt fra de unge \u00e5r har han br\u00e6ndt for at oms\u00e6tte sin musikinteresse til fester, og startede i det sp\u00e6de med at spille som DJ til skole-, klub- og familiefester i begyndelsen af 1990&#8217;erne. <\/p>\n\n\n\n<h3 class=\"wp-block-heading\">Lang karriere i Jomfru Ane Gade<\/h3>\n\n\n\n<p>I 1995 tog han skridtet og blev DJ i Jomfru Ane Gade i Aalborg, kort efter han var fyldt 18 \u00e5r. Mikkel spillede igennem en 10-\u00e5rig periode fast p\u00e5 en r\u00e6kke diskoteker &#8211; blandt andre Down Under, L.A. Bar, Jensen 2&#8242; Najt, Storm P og Saltlageret i Jomfru Ane Gade, samt p\u00e5 Pakhuset i Aalborg indtil midten af 00&#8217;erne. <\/p>\n\n\n\n<h3 class=\"wp-block-heading\">DJ ved Karneval i Aalborg<\/h3>\n\n\n\n<p>I flere \u00e5r i starten af 00&#8217;erne var Mikkel en af de drivende kr\u00e6fter bag diskoteksscenen ved Karneval i Aalborg, hvor han b\u00e5de deltog i planl\u00e6gningen og spillede som DJ.<\/p>\n\n\n\n<figure class=\"wp-block-gallery has-nested-images columns-default is-cropped wp-block-gallery-1 is-layout-flex wp-block-gallery-is-layout-flex\">\n<figure class=\"wp-block-image size-large\"><img loading=\"lazy\" decoding=\"async\" width=\"800\" height=\"600\" data-id=\"308\" src=\"https:\/\/dimesis.dk\/wp-content\/uploads\/2022\/02\/Mikkel-Karneval-2000-basarm.jpg\" alt=\"En ung DJ Mikkel Steen \u00d8stervig i DJ-pulten ved Karneval i Aalborg i 2000.\" class=\"wp-image-308\" srcset=\"https:\/\/dimesis.dk\/wp-content\/uploads\/2022\/02\/Mikkel-Karneval-2000-basarm.jpg 800w, https:\/\/dimesis.dk\/wp-content\/uploads\/2022\/02\/Mikkel-Karneval-2000-basarm-300x225.jpg 300w, https:\/\/dimesis.dk\/wp-content\/uploads\/2022\/02\/Mikkel-Karneval-2000-basarm-768x576.jpg 768w\" sizes=\"auto, (max-width: 767px) 89vw, (max-width: 1000px) 54vw, (max-width: 1071px) 543px, 580px\" \/><\/figure>\n\n\n\n<figure class=\"wp-block-image size-large\"><img loading=\"lazy\" decoding=\"async\" width=\"800\" height=\"600\" data-id=\"307\" src=\"https:\/\/dimesis.dk\/wp-content\/uploads\/2022\/02\/Karneval-2000-crowd.jpg\" alt=\"Stor menneskem\u00e6ngde i Discolunden ved Karneval i Aalborg i 2000.\" class=\"wp-image-307\" srcset=\"https:\/\/dimesis.dk\/wp-content\/uploads\/2022\/02\/Karneval-2000-crowd.jpg 800w, https:\/\/dimesis.dk\/wp-content\/uploads\/2022\/02\/Karneval-2000-crowd-300x225.jpg 300w, https:\/\/dimesis.dk\/wp-content\/uploads\/2022\/02\/Karneval-2000-crowd-768x576.jpg 768w\" sizes=\"auto, (max-width: 767px) 89vw, (max-width: 1000px) 54vw, (max-width: 1071px) 543px, 580px\" \/><\/figure>\n\n\n\n<figure class=\"wp-block-image size-large\"><img loading=\"lazy\" decoding=\"async\" width=\"800\" height=\"600\" data-id=\"309\" src=\"https:\/\/dimesis.dk\/wp-content\/uploads\/2022\/02\/Mikkel-Karneval-2000.jpg\" alt=\"En ung DJ Mikkel Steen \u00d8stervig mixer ved Karneval i Aalborg i Kildeparken.\" class=\"wp-image-309\" srcset=\"https:\/\/dimesis.dk\/wp-content\/uploads\/2022\/02\/Mikkel-Karneval-2000.jpg 800w, https:\/\/dimesis.dk\/wp-content\/uploads\/2022\/02\/Mikkel-Karneval-2000-300x225.jpg 300w, https:\/\/dimesis.dk\/wp-content\/uploads\/2022\/02\/Mikkel-Karneval-2000-768x576.jpg 768w\" sizes=\"auto, (max-width: 767px) 89vw, (max-width: 1000px) 54vw, (max-width: 1071px) 543px, 580px\" \/><\/figure>\n<figcaption class=\"blocks-gallery-caption wp-element-caption\">DJ Mikkel Steen \u00d8stervig ved Karneval i Aalborg i 2000.<\/figcaption><\/figure>\n\n\n\n<p>Derudover har han spillet flere somre p\u00e5 diskoteker i Skagen, Blokhus og Sydfrankrig og selvf\u00f8lgelig mobildiskotek til masser af private fester &#8211; f\u00f8dselsdage, bryllupper og lignende samt firmafester i hele Nordjylland. <\/p>\n\n\n\n<h2 class=\"wp-block-heading\">Ejer af mobildiskotek<\/h2>\n\n\n\n<p>I 2016 etablerede Mikkel det mobildiskotek, der i dag er kendt som <a href=\"https:\/\/dimesis.dk\/index.php\/mobildiskotek\/\">Diskotek Dimesis<\/a>, hvor han selv er aktiv som DJ til en lang r\u00e6kke events og fester. <\/p>\n\n\n\n<h2 class=\"wp-block-heading\">Mikkels DJ-speciale og musikstil<\/h2>\n\n\n\n<div class=\"wp-block-media-text is-stacked-on-mobile\"><figure class=\"wp-block-media-text__media\"><img loading=\"lazy\" decoding=\"async\" width=\"225\" height=\"300\" src=\"https:\/\/dimesis.dk\/wp-content\/uploads\/2024\/01\/DJ-Mikkel-Steen-Oestervig-225x300.jpg\" alt=\"DJ Mikkel Steen \u00d8stervig i DJ-pulten for Diskotek Dimesis i 2023.\" class=\"wp-image-495 size-full\" srcset=\"https:\/\/dimesis.dk\/wp-content\/uploads\/2024\/01\/DJ-Mikkel-Steen-Oestervig-225x300.jpg 225w, https:\/\/dimesis.dk\/wp-content\/uploads\/2024\/01\/DJ-Mikkel-Steen-Oestervig-768x1024.jpg 768w, https:\/\/dimesis.dk\/wp-content\/uploads\/2024\/01\/DJ-Mikkel-Steen-Oestervig-1152x1536.jpg 1152w, https:\/\/dimesis.dk\/wp-content\/uploads\/2024\/01\/DJ-Mikkel-Steen-Oestervig-1536x2048.jpg 1536w, https:\/\/dimesis.dk\/wp-content\/uploads\/2024\/01\/DJ-Mikkel-Steen-Oestervig-scaled.jpg 1920w\" sizes=\"auto, (max-width: 225px) 100vw, 225px\" \/><\/figure><div class=\"wp-block-media-text__content\">\n<p>Mikkel Steen \u00d8stervigs DJ-speciale er festmusik for voksne med udgangspunkt i de st\u00f8rste hits fra 80&#8217;erne, 90&#8217;erne og 00&#8217;erne, men han spiller generelt en blanding af de st\u00f8rste hits fra 60&#8217;erne og frem til i dag.<\/p>\n\n\n\n<p>Han tager naturligvis gerne imod musik\u00f8nsker p\u00e5 dagen, s\u00e5 festen bliver spontan og baseret p\u00e5 g\u00e6sternes stemning.<\/p>\n\n\n\n<p><\/p>\n<\/div><\/div>\n\n\n\n<h2 class=\"wp-block-heading\">Giver gerne en kommentar i mikrofonen<\/h2>\n\n\n\n<p>Mikkel har v\u00e6ret <a href=\"https:\/\/dimesis.dk\/index.php\/radio\/\">radiov\u00e6rt<\/a> p\u00e5 <a aria-label=\"ANR (\u00e5bner i en ny fane)\" href=\"https:\/\/anr.dk\/\" target=\"_blank\" rel=\"noreferrer noopener\">ANR<\/a> og <a aria-label=\"Radio NORDJYSKE (\u00e5bner i en ny fane)\" href=\"https:\/\/nordjyske.dk\/radio\/\" target=\"_blank\" rel=\"noreferrer noopener\">Radio NORDJYSKE<\/a> igennem en lang \u00e5rr\u00e6kke, s\u00e5 han er ikke bange for at bruge mikrofonen til at s\u00e6tte ekstra gang i festen eller hj\u00e6lpe dig med at pr\u00e6sentere et indslag under festen.<\/p>\n\n\n\n<h2 class=\"wp-block-heading\">Booking af DJ Mikkel Steen \u00d8stervig<\/h2>\n\n\n\n<p>Mikkel kan bookes som en del af <a href=\"https:\/\/dimesis.dk\/index.php\/mobildiskotek\/\">Diskotek Dimesis<\/a> med forskellige mobildiskotekpakker eller som DJ til events, hvor der er allerede er opstillet udstyr. Brug formularen herunder.<\/p>\n\n\n<div class=\"caldera-grid\" id=\"caldera_form_1\" data-cf-ver=\"1.9.6\" data-cf-form-id=\"CF5e1ecc63c1356\"><div id=\"caldera_notices_1\" data-spinner=\"https:\/\/dimesis.dk\/wp-admin\/images\/spinner.gif\"><\/div><form data-instance=\"1\" class=\"CF5e1ecc63c1356 caldera_forms_form cfajax-trigger\" method=\"POST\" enctype=\"multipart\/form-data\" id=\"CF5e1ecc63c1356_1\" data-form-id=\"CF5e1ecc63c1356\" aria-label=\"Mobildiskotek\" data-target=\"#caldera_notices_1\" data-template=\"#cfajax_CF5e1ecc63c1356-tmpl\" data-cfajax=\"CF5e1ecc63c1356\" data-load-element=\"_parent\" data-load-class=\"cf_processing\" data-post-disable=\"0\" data-action=\"cf_process_ajax_submit\" data-request=\"https:\/\/dimesis.dk\/cf-api\/CF5e1ecc63c1356\" data-hiderows=\"true\">\r\n<input type=\"hidden\" id=\"_cf_verify_CF5e1ecc63c1356\" name=\"_cf_verify\" value=\"e5b10e7702\"  data-nonce-time=\"1778508887\" \/><input type=\"hidden\" name=\"_wp_http_referer\" value=\"\/index.php\/wp-json\/wp\/v2\/pages\/73\" \/><div id=\"cf2-CF5e1ecc63c1356_1\"><\/div><input type=\"hidden\" name=\"_cf_frm_id\" value=\"CF5e1ecc63c1356\">\r\n<input type=\"hidden\" name=\"_cf_frm_ct\" value=\"1\">\r\n<input type=\"hidden\" name=\"cfajax\" value=\"CF5e1ecc63c1356\">\r\n<input type=\"hidden\" name=\"_cf_cr_pst\" value=\"73\">\r\n<div class=\"hide\" style=\"display:none; overflow:hidden;height:0;width:0;\">\r\n<label>E-mail<\/label><input type=\"text\" name=\"email\" value=\"\" autocomplete=\"off\">\r\n<\/div><div id=\"CF5e1ecc63c1356_1-row-1\"  class=\"row  first_row\"><div  class=\"col-sm-12  single\"><div class=\"\"><h2>Foresp\u00f8rg p\u00e5 Diskotek Dimesis<\/h2>\n<p>Fort\u00e6l os, hvordan vi kan kontakte dig, og hvilken fest, du \u00f8nsker mobildiskotek til, s\u00e5 h\u00f8rer du fra os hurtigst muligt.<\/p>\n<hr>\n<\/div><\/div><\/div><div id=\"CF5e1ecc63c1356_1-row-2\"  class=\"row \"><div  class=\"col-sm-4  first_col\"><div data-field-wrapper=\"fld_8768091\" class=\"form-group\" id=\"fld_8768091_1-wrap\">\r\n\t<label id=\"fld_8768091Label\" for=\"fld_8768091_1\" class=\"control-label\">Navn <span aria-hidden=\"true\" role=\"presentation\" class=\"field_required\" style=\"color:#ee0000;\">*<\/span><\/label>\r\n\t<div class=\"\">\r\n\t\t<input   required type=\"text\" data-field=\"fld_8768091\" class=\" form-control\" id=\"fld_8768091_1\" name=\"fld_8768091\" value=\"\" data-type=\"text\" aria-required=\"true\"   aria-labelledby=\"fld_8768091Label\" >\t\t\t<\/div>\r\n<\/div>\r\n<\/div><div  class=\"col-sm-4 \"><div data-field-wrapper=\"fld_7665135\" class=\"form-group\" id=\"fld_7665135_1-wrap\">\r\n\t<label id=\"fld_7665135Label\" for=\"fld_7665135_1\" class=\"control-label\">Telefonnummer <span aria-hidden=\"true\" role=\"presentation\" class=\"field_required\" style=\"color:#ee0000;\">*<\/span><\/label>\r\n\t<div class=\"\">\r\n\t\t<input  data-inputmask=\"'mask': '99 99 99 99'\"  required type=\"phone\" data-field=\"fld_7665135\" class=\" form-control\" id=\"fld_7665135_1\" name=\"fld_7665135\" value=\"\" data-type=\"phone\" aria-required=\"true\"   aria-labelledby=\"fld_7665135Label\" >\t\t\t<\/div>\r\n<\/div>\r\n<\/div><div  class=\"col-sm-4  last_col\"><div data-field-wrapper=\"fld_6009157\" class=\"form-group\" id=\"fld_6009157_1-wrap\">\r\n\t<label id=\"fld_6009157Label\" for=\"fld_6009157_1\" class=\"control-label\">Email-adresse <span aria-hidden=\"true\" role=\"presentation\" class=\"field_required\" style=\"color:#ee0000;\">*<\/span><\/label>\r\n\t<div class=\"\">\r\n\t\t<input   required type=\"email\" data-field=\"fld_6009157\" class=\" form-control\" id=\"fld_6009157_1\" name=\"fld_6009157\" value=\"\" data-type=\"email\" aria-required=\"true\"   aria-labelledby=\"fld_6009157Label\" >\t\t\t<\/div>\r\n<\/div>\r\n<\/div><\/div><div id=\"CF5e1ecc63c1356_1-row-3\"  class=\"row \"><div  class=\"col-sm-6  first_col\"><div data-field-wrapper=\"fld_6316396\" class=\"form-group\" id=\"fld_6316396_1-wrap\">\r\n\t<label id=\"fld_6316396Label\" for=\"fld_6316396_1\" class=\"control-label\">Festtype <span aria-hidden=\"true\" role=\"presentation\" class=\"field_required\" style=\"color:#ee0000;\">*<\/span><\/label>\r\n\t<div class=\"\">\r\n\t\t<select name=\"fld_6316396\" value=\"opt2046056\" data-field=\"fld_6316396\" class=\"form-control\" id=\"fld_6316396_1\"  required=\"required\"  aria-labelledby=\"fld_6316396Label\" >\n\t\t\t\t\t\t\t<option value=\"F\u00f8dselsdag\" selected=\"selected\" data-calc-value=\"F\u00f8dselsdag\" >\n\t\t\t\t\t\tF\u00f8dselsdag\t\t\t\t\t<\/option>\n\t\t\t\t\t\t\t\t\t\t<option value=\"Bryllup\"  data-calc-value=\"Bryllup\" >\n\t\t\t\t\t\tBryllup\t\t\t\t\t<\/option>\n\t\t\t\t\t\t\t\t\t\t<option value=\"Firmafest\"  data-calc-value=\"Firmafest\" >\n\t\t\t\t\t\tFirmafest\t\t\t\t\t<\/option>\n\t\t\t\t\t\t\t\t\t\t<option value=\"Anden fest\"  data-calc-value=\"Anden fest\" >\n\t\t\t\t\t\tAnden fest\t\t\t\t\t<\/option>\n\t\t\t\t\t\t\t<\/select>\n\t\t\t<\/div>\r\n<\/div>\r\n\n<div data-field-wrapper=\"fld_8301468\" class=\"form-group\" id=\"fld_8301468_1-wrap\">\r\n\t<label id=\"fld_8301468Label\" for=\"fld_8301468_1\" class=\"control-label\">Dato for festen <span aria-hidden=\"true\" role=\"presentation\" class=\"field_required\" style=\"color:#ee0000;\">*<\/span><\/label>\r\n\t<div class=\"\">\r\n\t\t<input  type=\"text\" data-provide=\"cfdatepicker\" name=\"fld_8301468\" value=\"\" id=\"fld_8301468_1\" data-field=\"fld_8301468\" class=\"form-control cfdatepicker is-cfdatepicker\" data-date-format=\"dd-mm-yyyy\" required=\"1\" data-date-start-view=\"month\"   aria-labelledby=\"fld_8301468Label\" required  \/>\n\t\t\t<\/div>\r\n<\/div>\r\n<\/div><div  class=\"col-sm-6  last_col\"><div data-field-wrapper=\"fld_5138760\" class=\"form-group\" id=\"fld_5138760_1-wrap\">\r\n\t<label id=\"fld_5138760Label\" for=\"fld_5138760_1\" class=\"control-label\">Ca. antal deltagere <span aria-hidden=\"true\" role=\"presentation\" class=\"field_required\" style=\"color:#ee0000;\">*<\/span><\/label>\r\n\t<div class=\"\">\r\n\t\t<input   required type=\"number\" data-field=\"fld_5138760\" class=\" form-control\" id=\"fld_5138760_1\" name=\"fld_5138760\" value=\"\" data-type=\"number\" min=\"0\" max=\"1000\" step=\"1\" data-parsley-type=\"number\" aria-required=\"true\"   aria-labelledby=\"fld_5138760Label\" >\t\t\t<\/div>\r\n<\/div>\r\n<div data-field-wrapper=\"fld_2933826\" class=\"form-group\" id=\"fld_2933826_1-wrap\">\r\n\t<label id=\"fld_2933826Label\" for=\"fld_2933826_1\" class=\"control-label\">Tidsrum for festen <span aria-hidden=\"true\" role=\"presentation\" class=\"field_required\" style=\"color:#ee0000;\">*<\/span><\/label>\r\n\t<div class=\"\">\r\n\t\t<input   required type=\"text\" data-field=\"fld_2933826\" class=\" form-control\" id=\"fld_2933826_1\" name=\"fld_2933826\" value=\"fx kl. 22-02\" data-type=\"text\" aria-required=\"true\"   aria-labelledby=\"fld_2933826Label\" >\t\t\t<\/div>\r\n<\/div>\r\n<\/div><\/div><div id=\"CF5e1ecc63c1356_1-row-4\"  class=\"row \"><div  class=\"col-sm-12  single\"><div data-field-wrapper=\"fld_9100844\" class=\"form-group\" id=\"fld_9100844_1-wrap\">\r\n\t<label id=\"fld_9100844Label\" for=\"fld_9100844_1\" class=\"control-label\">Hvor skal festen afholdes? <span aria-hidden=\"true\" role=\"presentation\" class=\"field_required\" style=\"color:#ee0000;\">*<\/span><\/label>\r\n\t<div class=\"\">\r\n\t\t<input   required type=\"text\" data-field=\"fld_9100844\" class=\" form-control\" id=\"fld_9100844_1\" name=\"fld_9100844\" value=\"\" data-type=\"text\" aria-required=\"true\"   aria-labelledby=\"fld_9100844Label\" >\t\t\t<\/div>\r\n<\/div>\r\n<div data-field-wrapper=\"fld_7683514\" class=\"form-group\" id=\"fld_7683514_1-wrap\">\r\n\t<label id=\"fld_7683514Label\" for=\"fld_7683514_1\" class=\"control-label\">Uddybende kommentarer \/ sp\u00f8rgsm\u00e5l<\/label>\r\n\t<div class=\"\">\r\n\t\t<textarea name=\"fld_7683514\" value=\"\" data-field=\"fld_7683514\" class=\"form-control\" id=\"fld_7683514_1\" rows=\"7\"    aria-labelledby=\"fld_7683514Label\" ><\/textarea>\n\t\t\t<\/div>\r\n<\/div>\r\n<div data-field-wrapper=\"fld_7908577\" class=\"form-group\" id=\"fld_7908577_1-wrap\">\r\n<div class=\"\">\r\n\t<input  class=\"btn btn-default\" type=\"submit\" name=\"fld_7908577\" id=\"fld_7908577_1\" value=\"Send besked\" data-field=\"fld_7908577\"  >\n<\/div>\r\n<\/div>\r\n\t<input class=\"button_trigger_1\" type=\"hidden\" name=\"fld_7908577\" id=\"fld_7908577_1_btn\" value=\"\" data-field=\"fld_7908577\"  \/>\n<\/div><\/div><div id=\"CF5e1ecc63c1356_1-row-5\"  class=\"row  last_row\"><div  class=\"col-sm-12  single\"><\/div><\/div><\/form>\r\n<\/div>\r\n","protected":false},"excerpt":{"rendered":"<p>Mange \u00e5rs erfaring bag DJ-pulten DJ Mikkel Steen \u00d8stervig er en af de mest erfarne DJs i Nordjylland. Han har en b\u00e5de bred og dyb musikviden og -interesse og en omfattende erfaring med at spille til fester for mange forskellige aldersgrupper p\u00e5 samme tid, s\u00e5 alle fester sammen. Mikkel har spillet som DJ til hundredvis &hellip; <\/p>\n<p class=\"link-more\"><a href=\"https:\/\/dimesis.dk\/index.php\/dj-mikkel-steen-oestervig\/\" class=\"more-link\">L\u00e6s videre<span class=\"screen-reader-text\"> &#8220;DJ Mikkel Steen \u00d8stervig&#8221;<\/span><\/a><\/p>\n","protected":false},"author":1,"featured_media":0,"parent":0,"menu_order":0,"comment_status":"closed","ping_status":"closed","template":"","meta":{"footnotes":""},"class_list":["post-73","page","type-page","status-publish","hentry"],"yoast_head":"<!-- This site is optimized with the Yoast SEO plugin v26.6 - https:\/\/yoast.com\/wordpress\/plugins\/seo\/ -->\n<title>DJ Mikkel Steen \u00d8stervig - Dimesis<\/title>\n<meta name=\"description\" content=\"DJ Mikkel Steen \u00d8stervigs speciale er festmusik for voksne. Du f\u00e5r de store festhits fra 80\u2019erne, 90\u2019erne og 00\u2019erne, og han tager imod musik\u00f8nsker.\" \/>\n<meta name=\"robots\" content=\"index, follow, max-snippet:-1, max-image-preview:large, max-video-preview:-1\" \/>\n<link rel=\"canonical\" href=\"https:\/\/dimesis.dk\/index.php\/dj-mikkel-steen-oestervig\/\" \/>\n<meta property=\"og:locale\" content=\"da_DK\" \/>\n<meta property=\"og:type\" content=\"article\" \/>\n<meta property=\"og:title\" content=\"DJ Mikkel Steen \u00d8stervig - Dimesis\" \/>\n<meta property=\"og:description\" content=\"DJ Mikkel Steen \u00d8stervigs speciale er festmusik for voksne. Du f\u00e5r de store festhits fra 80\u2019erne, 90\u2019erne og 00\u2019erne, og han tager imod musik\u00f8nsker.\" \/>\n<meta property=\"og:url\" content=\"https:\/\/dimesis.dk\/index.php\/dj-mikkel-steen-oestervig\/\" \/>\n<meta property=\"og:site_name\" content=\"Dimesis\" \/>\n<meta property=\"article:modified_time\" content=\"2024-01-21T22:56:33+00:00\" \/>\n<meta property=\"og:image\" content=\"https:\/\/dimesis.dk\/wp-content\/uploads\/2021\/10\/20211002_225045667_iOS-1024x768.jpg\" \/>\n<meta name=\"twitter:card\" content=\"summary_large_image\" \/>\n<meta name=\"twitter:label1\" content=\"Estimeret l\u00e6setid\" \/>\n\t<meta name=\"twitter:data1\" content=\"4 minutter\" \/>\n<script type=\"application\/ld+json\" class=\"yoast-schema-graph\">{\"@context\":\"https:\/\/schema.org\",\"@graph\":[{\"@type\":\"WebPage\",\"@id\":\"https:\/\/dimesis.dk\/index.php\/dj-mikkel-steen-oestervig\/\",\"url\":\"https:\/\/dimesis.dk\/index.php\/dj-mikkel-steen-oestervig\/\",\"name\":\"DJ Mikkel Steen \u00d8stervig - Dimesis\",\"isPartOf\":{\"@id\":\"https:\/\/dimesis.dk\/#website\"},\"primaryImageOfPage\":{\"@id\":\"https:\/\/dimesis.dk\/index.php\/dj-mikkel-steen-oestervig\/#primaryimage\"},\"image\":{\"@id\":\"https:\/\/dimesis.dk\/index.php\/dj-mikkel-steen-oestervig\/#primaryimage\"},\"thumbnailUrl\":\"https:\/\/dimesis.dk\/wp-content\/uploads\/2021\/10\/20211002_225045667_iOS-1024x768.jpg\",\"datePublished\":\"2020-01-14T12:55:38+00:00\",\"dateModified\":\"2024-01-21T22:56:33+00:00\",\"description\":\"DJ Mikkel Steen \u00d8stervigs speciale er festmusik for voksne. Du f\u00e5r de store festhits fra 80\u2019erne, 90\u2019erne og 00\u2019erne, og han tager imod musik\u00f8nsker.\",\"breadcrumb\":{\"@id\":\"https:\/\/dimesis.dk\/index.php\/dj-mikkel-steen-oestervig\/#breadcrumb\"},\"inLanguage\":\"da-DK\",\"potentialAction\":[{\"@type\":\"ReadAction\",\"target\":[\"https:\/\/dimesis.dk\/index.php\/dj-mikkel-steen-oestervig\/\"]}]},{\"@type\":\"ImageObject\",\"inLanguage\":\"da-DK\",\"@id\":\"https:\/\/dimesis.dk\/index.php\/dj-mikkel-steen-oestervig\/#primaryimage\",\"url\":\"https:\/\/dimesis.dk\/wp-content\/uploads\/2021\/10\/20211002_225045667_iOS-scaled.jpg\",\"contentUrl\":\"https:\/\/dimesis.dk\/wp-content\/uploads\/2021\/10\/20211002_225045667_iOS-scaled.jpg\",\"width\":2560,\"height\":1920},{\"@type\":\"BreadcrumbList\",\"@id\":\"https:\/\/dimesis.dk\/index.php\/dj-mikkel-steen-oestervig\/#breadcrumb\",\"itemListElement\":[{\"@type\":\"ListItem\",\"position\":1,\"name\":\"Hjem\",\"item\":\"https:\/\/dimesis.dk\/\"},{\"@type\":\"ListItem\",\"position\":2,\"name\":\"DJ Mikkel Steen \u00d8stervig\"}]},{\"@type\":\"WebSite\",\"@id\":\"https:\/\/dimesis.dk\/#website\",\"url\":\"https:\/\/dimesis.dk\/\",\"name\":\"Dimesis\",\"description\":\"Mobildiskotek | Radio | Speak\",\"publisher\":{\"@id\":\"https:\/\/dimesis.dk\/#organization\"},\"potentialAction\":[{\"@type\":\"SearchAction\",\"target\":{\"@type\":\"EntryPoint\",\"urlTemplate\":\"https:\/\/dimesis.dk\/?s={search_term_string}\"},\"query-input\":{\"@type\":\"PropertyValueSpecification\",\"valueRequired\":true,\"valueName\":\"search_term_string\"}}],\"inLanguage\":\"da-DK\"},{\"@type\":\"Organization\",\"@id\":\"https:\/\/dimesis.dk\/#organization\",\"name\":\"Dimesis\",\"url\":\"https:\/\/dimesis.dk\/\",\"logo\":{\"@type\":\"ImageObject\",\"inLanguage\":\"da-DK\",\"@id\":\"https:\/\/dimesis.dk\/#\/schema\/logo\/image\/\",\"url\":\"https:\/\/dimesis.dk\/wp-content\/uploads\/2020\/01\/DimesisLogo512x512px.png\",\"contentUrl\":\"https:\/\/dimesis.dk\/wp-content\/uploads\/2020\/01\/DimesisLogo512x512px.png\",\"width\":512,\"height\":512,\"caption\":\"Dimesis\"},\"image\":{\"@id\":\"https:\/\/dimesis.dk\/#\/schema\/logo\/image\/\"}}]}<\/script>\n<!-- \/ Yoast SEO plugin. -->","yoast_head_json":{"title":"DJ Mikkel Steen \u00d8stervig - Dimesis","description":"DJ Mikkel Steen \u00d8stervigs speciale er festmusik for voksne. Du f\u00e5r de store festhits fra 80\u2019erne, 90\u2019erne og 00\u2019erne, og han tager imod musik\u00f8nsker.","robots":{"index":"index","follow":"follow","max-snippet":"max-snippet:-1","max-image-preview":"max-image-preview:large","max-video-preview":"max-video-preview:-1"},"canonical":"https:\/\/dimesis.dk\/index.php\/dj-mikkel-steen-oestervig\/","og_locale":"da_DK","og_type":"article","og_title":"DJ Mikkel Steen \u00d8stervig - Dimesis","og_description":"DJ Mikkel Steen \u00d8stervigs speciale er festmusik for voksne. Du f\u00e5r de store festhits fra 80\u2019erne, 90\u2019erne og 00\u2019erne, og han tager imod musik\u00f8nsker.","og_url":"https:\/\/dimesis.dk\/index.php\/dj-mikkel-steen-oestervig\/","og_site_name":"Dimesis","article_modified_time":"2024-01-21T22:56:33+00:00","og_image":[{"url":"https:\/\/dimesis.dk\/wp-content\/uploads\/2021\/10\/20211002_225045667_iOS-1024x768.jpg","type":"","width":"","height":""}],"twitter_card":"summary_large_image","twitter_misc":{"Estimeret l\u00e6setid":"4 minutter"},"schema":{"@context":"https:\/\/schema.org","@graph":[{"@type":"WebPage","@id":"https:\/\/dimesis.dk\/index.php\/dj-mikkel-steen-oestervig\/","url":"https:\/\/dimesis.dk\/index.php\/dj-mikkel-steen-oestervig\/","name":"DJ Mikkel Steen \u00d8stervig - Dimesis","isPartOf":{"@id":"https:\/\/dimesis.dk\/#website"},"primaryImageOfPage":{"@id":"https:\/\/dimesis.dk\/index.php\/dj-mikkel-steen-oestervig\/#primaryimage"},"image":{"@id":"https:\/\/dimesis.dk\/index.php\/dj-mikkel-steen-oestervig\/#primaryimage"},"thumbnailUrl":"https:\/\/dimesis.dk\/wp-content\/uploads\/2021\/10\/20211002_225045667_iOS-1024x768.jpg","datePublished":"2020-01-14T12:55:38+00:00","dateModified":"2024-01-21T22:56:33+00:00","description":"DJ Mikkel Steen \u00d8stervigs speciale er festmusik for voksne. Du f\u00e5r de store festhits fra 80\u2019erne, 90\u2019erne og 00\u2019erne, og han tager imod musik\u00f8nsker.","breadcrumb":{"@id":"https:\/\/dimesis.dk\/index.php\/dj-mikkel-steen-oestervig\/#breadcrumb"},"inLanguage":"da-DK","potentialAction":[{"@type":"ReadAction","target":["https:\/\/dimesis.dk\/index.php\/dj-mikkel-steen-oestervig\/"]}]},{"@type":"ImageObject","inLanguage":"da-DK","@id":"https:\/\/dimesis.dk\/index.php\/dj-mikkel-steen-oestervig\/#primaryimage","url":"https:\/\/dimesis.dk\/wp-content\/uploads\/2021\/10\/20211002_225045667_iOS-scaled.jpg","contentUrl":"https:\/\/dimesis.dk\/wp-content\/uploads\/2021\/10\/20211002_225045667_iOS-scaled.jpg","width":2560,"height":1920},{"@type":"BreadcrumbList","@id":"https:\/\/dimesis.dk\/index.php\/dj-mikkel-steen-oestervig\/#breadcrumb","itemListElement":[{"@type":"ListItem","position":1,"name":"Hjem","item":"https:\/\/dimesis.dk\/"},{"@type":"ListItem","position":2,"name":"DJ Mikkel Steen \u00d8stervig"}]},{"@type":"WebSite","@id":"https:\/\/dimesis.dk\/#website","url":"https:\/\/dimesis.dk\/","name":"Dimesis","description":"Mobildiskotek | Radio | Speak","publisher":{"@id":"https:\/\/dimesis.dk\/#organization"},"potentialAction":[{"@type":"SearchAction","target":{"@type":"EntryPoint","urlTemplate":"https:\/\/dimesis.dk\/?s={search_term_string}"},"query-input":{"@type":"PropertyValueSpecification","valueRequired":true,"valueName":"search_term_string"}}],"inLanguage":"da-DK"},{"@type":"Organization","@id":"https:\/\/dimesis.dk\/#organization","name":"Dimesis","url":"https:\/\/dimesis.dk\/","logo":{"@type":"ImageObject","inLanguage":"da-DK","@id":"https:\/\/dimesis.dk\/#\/schema\/logo\/image\/","url":"https:\/\/dimesis.dk\/wp-content\/uploads\/2020\/01\/DimesisLogo512x512px.png","contentUrl":"https:\/\/dimesis.dk\/wp-content\/uploads\/2020\/01\/DimesisLogo512x512px.png","width":512,"height":512,"caption":"Dimesis"},"image":{"@id":"https:\/\/dimesis.dk\/#\/schema\/logo\/image\/"}}]}},"_links":{"self":[{"href":"https:\/\/dimesis.dk\/index.php\/wp-json\/wp\/v2\/pages\/73","targetHints":{"allow":["GET"]}}],"collection":[{"href":"https:\/\/dimesis.dk\/index.php\/wp-json\/wp\/v2\/pages"}],"about":[{"href":"https:\/\/dimesis.dk\/index.php\/wp-json\/wp\/v2\/types\/page"}],"author":[{"embeddable":true,"href":"https:\/\/dimesis.dk\/index.php\/wp-json\/wp\/v2\/users\/1"}],"replies":[{"embeddable":true,"href":"https:\/\/dimesis.dk\/index.php\/wp-json\/wp\/v2\/comments?post=73"}],"version-history":[{"count":28,"href":"https:\/\/dimesis.dk\/index.php\/wp-json\/wp\/v2\/pages\/73\/revisions"}],"predecessor-version":[{"id":504,"href":"https:\/\/dimesis.dk\/index.php\/wp-json\/wp\/v2\/pages\/73\/revisions\/504"}],"wp:attachment":[{"href":"https:\/\/dimesis.dk\/index.php\/wp-json\/wp\/v2\/media?parent=73"}],"curies":[{"name":"wp","href":"https:\/\/api.w.org\/{rel}","templated":true}]}}